{"id":9756,"date":"2024-11-14T10:17:16","date_gmt":"2024-11-14T09:17:16","guid":{"rendered":"https:\/\/cvo.hamburg.de\/?page_id=9756"},"modified":"2024-11-14T10:19:25","modified_gmt":"2024-11-14T09:19:25","slug":"webuntis","status":"publish","type":"page","link":"https:\/\/cvo.hamburg.de\/?page_id=9756","title":{"rendered":"WebUntis"},"content":{"rendered":"<div class=\"page\" title=\"Page 10\">\n<div class=\"section\">\n<div class=\"layoutArea\">\n<div class=\"column\">\n<p>Das CvO bietet \u00fcber WebUntis online Einsicht auf den aktuellen Stundenplan Ihres Kindes. Dort finden Sie auch eventuelle Ausf\u00e4lle oder Vertretungen. Hierf\u00fcr gehen Sie einfach auf den Button &#8222;Vetretungsplan&#8220; &nbsp;auf der CvO-Website. Statt sich einzuloggen, wechseln Sie im Men\u00fc auf &#8222;Stundenplan&#8220; und schon k\u00f6nnen Sie die gew\u00fcnschte Klasse und Schulwoche ausw\u00e4hlen.<\/p>\n<p>&nbsp;<\/p>\n<\/div>\n<\/div>\n<\/div>\n<\/div>\n","protected":false},"excerpt":{"rendered":"<p>Das CvO bietet \u00fcber WebUntis online Einsicht auf den aktuellen Stundenplan Ihres Kindes. Dort finden Sie auch eventuelle Ausf\u00e4lle oder Vertretungen. Hierf\u00fcr gehen Sie einfach auf den Button &#8222;Vetretungsplan&#8220; &nbsp;auf der CvO-Website. Statt sich&#46;&#46;&#46;<\/p>\n","protected":false},"author":728,"featured_media":0,"parent":0,"menu_order":0,"comment_status":"closed","ping_status":"closed","template":"","meta":{"_acf_changed":false,"footnotes":""},"class_list":["post-9756","page","type-page","status-publish","hentry"],"acf":[],"_links":{"self":[{"href":"https:\/\/cvo.hamburg.de\/index.php?rest_route=\/wp\/v2\/pages\/9756","targetHints":{"allow":["GET"]}}],"collection":[{"href":"https:\/\/cvo.hamburg.de\/index.php?rest_route=\/wp\/v2\/pages"}],"about":[{"href":"https:\/\/cvo.hamburg.de\/index.php?rest_route=\/wp\/v2\/types\/page"}],"author":[{"embeddable":true,"href":"https:\/\/cvo.hamburg.de\/index.php?rest_route=\/wp\/v2\/users\/728"}],"replies":[{"embeddable":true,"href":"https:\/\/cvo.hamburg.de\/index.php?rest_route=%2Fwp%2Fv2%2Fcomments&post=9756"}],"version-history":[{"count":2,"href":"https:\/\/cvo.hamburg.de\/index.php?rest_route=\/wp\/v2\/pages\/9756\/revisions"}],"predecessor-version":[{"id":9758,"href":"https:\/\/cvo.hamburg.de\/index.php?rest_route=\/wp\/v2\/pages\/9756\/revisions\/9758"}],"wp:attachment":[{"href":"https:\/\/cvo.hamburg.de\/index.php?rest_route=%2Fwp%2Fv2%2Fmedia&parent=9756"}],"curies":[{"name":"wp","href":"https:\/\/api.w.org\/{rel}","templated":true}]}}