{"id":95,"date":"2014-04-17T11:56:33","date_gmt":"2014-04-17T09:56:33","guid":{"rendered":"https:\/\/carlvossietzky.dev-schulhomepages.hamburg.de\/?page_id=95"},"modified":"2022-11-25T11:01:33","modified_gmt":"2022-11-25T10:01:33","slug":"methodencurriculum","status":"publish","type":"page","link":"https:\/\/cvo.hamburg.de\/?page_id=95","title":{"rendered":"Methodencurriculum"},"content":{"rendered":"<p>Langeweile ist f\u00fcr viele Sch\u00fcler das Schlimmste, was man ihnen antun kann. Unser Methodencurriculum soll f\u00fcr Sch\u00fcler wie Lehrer Methodenvielfalt f\u00f6rdern. Kern des Methodencurriculums ist ein st\u00e4rker kooperativer Unterrichtsstil: Phasen der individuellen Arbeit der Sch\u00fcler wechseln mit Phasen, in denen die Sch\u00fcler in vielf\u00e4ltigen Formen in kleinen Gruppen zusammenarbeiten. Aber auch das klassische Unterrichtsgespr\u00e4ch und der Lehrer\u2013 bzw. Sch\u00fclervortrag haben im Rahmen dieser Methodenvielfalt ihren Platz.&nbsp;Das Methodencurriculum ist in seiner systematischen und verbindlichen Form bis in die 10. Klasse hineingewachsen.<br \/>\nAnsprechpartnerin ist Frau Wendt.<\/p>\n","protected":false},"excerpt":{"rendered":"<p>Langeweile ist f\u00fcr viele Sch\u00fcler das Schlimmste, was man ihnen antun kann. Unser Methodencurriculum soll f\u00fcr Sch\u00fcler wie Lehrer Methodenvielfalt f\u00f6rdern. Kern des Methodencurriculums ist ein st\u00e4rker kooperativer Unterrichtsstil: Phasen der individuellen Arbeit der&#46;&#46;&#46;<\/p>\n","protected":false},"author":44,"featured_media":0,"parent":0,"menu_order":0,"comment_status":"closed","ping_status":"closed","template":"","meta":{"_acf_changed":false,"footnotes":""},"class_list":["post-95","page","type-page","status-publish","hentry"],"acf":[],"_links":{"self":[{"href":"https:\/\/cvo.hamburg.de\/index.php?rest_route=\/wp\/v2\/pages\/95","targetHints":{"allow":["GET"]}}],"collection":[{"href":"https:\/\/cvo.hamburg.de\/index.php?rest_route=\/wp\/v2\/pages"}],"about":[{"href":"https:\/\/cvo.hamburg.de\/index.php?rest_route=\/wp\/v2\/types\/page"}],"author":[{"embeddable":true,"href":"https:\/\/cvo.hamburg.de\/index.php?rest_route=\/wp\/v2\/users\/44"}],"replies":[{"embeddable":true,"href":"https:\/\/cvo.hamburg.de\/index.php?rest_route=%2Fwp%2Fv2%2Fcomments&post=95"}],"version-history":[{"count":1,"href":"https:\/\/cvo.hamburg.de\/index.php?rest_route=\/wp\/v2\/pages\/95\/revisions"}],"predecessor-version":[{"id":7833,"href":"https:\/\/cvo.hamburg.de\/index.php?rest_route=\/wp\/v2\/pages\/95\/revisions\/7833"}],"wp:attachment":[{"href":"https:\/\/cvo.hamburg.de\/index.php?rest_route=%2Fwp%2Fv2%2Fmedia&parent=95"}],"curies":[{"name":"wp","href":"https:\/\/api.w.org\/{rel}","templated":true}]}}