{"id":887,"date":"2014-06-16T18:49:57","date_gmt":"2014-06-16T16:49:57","guid":{"rendered":"http:\/\/cvo.schulhomepages.hamburg.de\/?page_id=887"},"modified":"2025-09-05T11:47:56","modified_gmt":"2025-09-05T09:47:56","slug":"impressum","status":"publish","type":"page","link":"https:\/\/cvo.hamburg.de\/?page_id=887","title":{"rendered":"Impressum"},"content":{"rendered":"<p class=\"bodytext\">Freie und Hansestadt Hamburg<br \/>\nBeh\u00f6rde f\u00fcr Schule, Familie und Berufsbildung<br \/>\nCarl-von-Ossietzky-Gymnasium<br \/>\nFrank Pauleit (Schulleiter)<br \/>\nM\u00fcssenredder 59<br \/>\n22399 Hamburg<\/p>\n<p>Tel: 040 \/ 428 93 15 0<br \/>\nFax: 040 \/ 427 96 79 16<br \/>\nE-Mail: <a href=\"mailto:carl-von-ossietzky-gymnasium@bsfb.hamburg.de\" target=\"_blank\" rel=\"noopener\">carl-von-ossietzky-gymnasium@bsfb.hamburg.de<\/a><\/p>\n<p class=\"bodytext\"><strong>Verantwortlich f\u00fcr den Inhalt:<\/strong><br \/>\nFrank Pauleit<br \/>\nCarl-von-Ossietzky-Gymnasium<br \/>\nM\u00fcssenredder 59<br \/>\n22399 Hamburg<\/p>\n<p>Die Homepage wurde mit dem Schul-CMS der Hamburger Beh\u00f6rde f\u00fcr Schule, Familie und Berufsbildung erstellt.<\/p>\n<p class=\"bodytext\"><b>Realisierung und Betreuung der Homepage:<\/b><br \/>\nPR DOCKS Agentur f\u00fcr Kommunikation, Sabine Vierk<br \/>\nMail: vierk(at)pr-docks.de<\/p>\n<p class=\"bodytext\"><strong>\u00d6ffentlichkeitsarbeit<\/strong>:<br \/>\nLutz Hambach<\/p>\n<p>&nbsp;<strong>Fotos<\/strong>: \u00a9 Carl-von-Ossietzky-Gymnasium<br \/>\n(herzlichen Dank auch an S. Petri-Wolff)<\/p>\n<p><b>Haftungsausschluss:<\/b><\/p>\n<p><b>&nbsp;<\/b><b>Haftung f\u00fcr Links<\/b><\/p>\n<p>F\u00fcr die Inhalte der verlinkten Seiten ist stets der jeweilige Anbieter oder Betreiber der Seiten verantwortlich. Die verlinkten Seiten wurden zum Zeitpunkt der Verlinkung auf m\u00f6gliche Rechtsverst\u00f6\u00dfe \u00fcberpr\u00fcft. Rechtswidrige Inhalte waren zum Zeitpunkt der Verlinkung nicht erkennbar. Eine permanente inhaltliche Kontrolle der verlinkten Seiten ist jedoch ohne konkrete Anhaltspunkte einer Rechtsverletzung nicht zumutbar. Bei Bekanntwerden von Rechtsverletzungen werden wir derartige Links umgehend entfernen.<\/p>\n<p><b>Datenschutz<\/b><b><\/b><\/p>\n<p>Die Nutzung unserer Webseite ist ohne Angabe personenbezogener Daten m\u00f6glich. Soweit auf unseren Seiten personenbezogene Daten (beispielsweise Name, Anschrift oder E-Mail-Adressen) erhoben werden, erfolgt dies, soweit m\u00f6glich, stets auf freiwilliger Basis. Diese Daten werden ohne Ihre ausdr\u00fcckliche Zustimmung nicht an Dritte weitergegeben.<\/p>\n<p>Der Nutzung von im Rahmen der Impressumspflicht ver\u00f6ffentlichten Kontaktdaten durch Dritte zur \u00dcbersendung von nicht ausdr\u00fccklich angeforderter Werbung und Informationsmaterialien wird hiermit ausdr\u00fccklich widersprochen. Die Betreiber der Seiten behalten sich ausdr\u00fccklich rechtliche Schritte im Falle der unverlangten Zusendung von Werbeinformationen, etwa durch Spam-Mails, vor.<\/p>\n<p>Urheberrecht<br \/>\nDie verwendeten Grafiken und Fotos sowie die einzelnen Beitr\u00e4ge sind urheberrechtlich gesch\u00fctzt. Die Seiten d\u00fcrfen nur zum privaten Gebrauch vervielf\u00e4ltigt, \u00c4nderungen nicht vorgenommen und Vervielf\u00e4ltigungsst\u00fccke weder verbreitet noch zur \u00f6ffentlichen Wiedergabe benutzt werden.<\/p>\n<p>&nbsp;<\/p>\n","protected":false},"excerpt":{"rendered":"<p>Freie und Hansestadt Hamburg Beh\u00f6rde f\u00fcr Schule, Familie und Berufsbildung Carl-von-Ossietzky-Gymnasium Frank Pauleit (Schulleiter) M\u00fcssenredder 59 22399 Hamburg Tel: 040 \/ 428 93 15 0 Fax: 040 \/ 427 96 79 16 E-Mail: carl-von-ossietzky-gymnasium@bsfb.hamburg.de&#46;&#46;&#46;<\/p>\n","protected":false},"author":36,"featured_media":0,"parent":0,"menu_order":0,"comment_status":"closed","ping_status":"closed","template":"","meta":{"_acf_changed":false,"footnotes":""},"class_list":["post-887","page","type-page","status-publish","hentry"],"acf":[],"_links":{"self":[{"href":"https:\/\/cvo.hamburg.de\/index.php?rest_route=\/wp\/v2\/pages\/887","targetHints":{"allow":["GET"]}}],"collection":[{"href":"https:\/\/cvo.hamburg.de\/index.php?rest_route=\/wp\/v2\/pages"}],"about":[{"href":"https:\/\/cvo.hamburg.de\/index.php?rest_route=\/wp\/v2\/types\/page"}],"author":[{"embeddable":true,"href":"https:\/\/cvo.hamburg.de\/index.php?rest_route=\/wp\/v2\/users\/36"}],"replies":[{"embeddable":true,"href":"https:\/\/cvo.hamburg.de\/index.php?rest_route=%2Fwp%2Fv2%2Fcomments&post=887"}],"version-history":[{"count":7,"href":"https:\/\/cvo.hamburg.de\/index.php?rest_route=\/wp\/v2\/pages\/887\/revisions"}],"predecessor-version":[{"id":10433,"href":"https:\/\/cvo.hamburg.de\/index.php?rest_route=\/wp\/v2\/pages\/887\/revisions\/10433"}],"wp:attachment":[{"href":"https:\/\/cvo.hamburg.de\/index.php?rest_route=%2Fwp%2Fv2%2Fmedia&parent=887"}],"curies":[{"name":"wp","href":"https:\/\/api.w.org\/{rel}","templated":true}]}}