{"id":8413,"date":"2023-07-04T13:59:40","date_gmt":"2023-07-04T11:59:40","guid":{"rendered":"https:\/\/cvo.hamburg.de\/?page_id=8413"},"modified":"2023-07-07T15:23:53","modified_gmt":"2023-07-07T13:23:53","slug":"lesefoerderung","status":"publish","type":"page","link":"https:\/\/cvo.hamburg.de\/?page_id=8413","title":{"rendered":"Lesef\u00f6rderung"},"content":{"rendered":"<p><strong>Wir lieben und wir leben Lesen \u2013 wir lesen!<\/strong><\/p>\n<p>Lesen ist eine Kernkompetenz f\u00fcr die Lebensbew\u00e4ltigung. Gerade in Zeiten von Informationsflut und Digitalisierung ist die F\u00e4higkeit zur fundierten Informationsgewinnung aus Texten und der kritischen Betrachtung f\u00fcr Lernerfolg und Leben bedeutsam und uns am CvO daher ein Kernanliegen. Zudem erm\u00f6glicht das Lesen andere Lebenswelten zu erkunden und<\/p>\n<p>Nachhaltige Lesef\u00f6rderung ist daher nicht nur ein Thema f\u00fcr Grundschulen, sondern gerade an weiterf\u00fchrenden Schulen von Bedeutung. Neben klassischer Lesef\u00f6rderung innerhalb des Deutschunterrichts und der Trainings- und Forscherzeiten wird am CvO durch eine breite Methodenvielfalt, mit digitalen wie analogen Medien, und mit einem Fokus auf forschendem Lernen die Lesekompetenz unserer Sch\u00fcler*innen nachhaltig, durchg\u00e4ngig und vor allem auch f\u00e4cher\u00fcbergreifend gef\u00f6rdert. Forscherkurse, Wettbewerbe, Angebote im Wahlpflichtbereich und als AG erg\u00e4nzen die Lesef\u00f6rderung im regul\u00e4ren Fachunterricht.<\/p>\n<p><img loading=\"lazy\" decoding=\"async\" class=\"aligncenter wp-image-8414\" src=\"https:\/\/cvo.hamburg.de\/wp-content\/uploads\/sites\/31\/2023\/07\/Bildschirmfoto-2023-07-04-um-13.57.08-1024x641.png\" alt=\"\" width=\"938\" height=\"587\" srcset=\"https:\/\/cvo.hamburg.de\/wp-content\/uploads\/sites\/31\/2023\/07\/Bildschirmfoto-2023-07-04-um-13.57.08-1024x641.png 1024w, https:\/\/cvo.hamburg.de\/wp-content\/uploads\/sites\/31\/2023\/07\/Bildschirmfoto-2023-07-04-um-13.57.08-300x188.png 300w, https:\/\/cvo.hamburg.de\/wp-content\/uploads\/sites\/31\/2023\/07\/Bildschirmfoto-2023-07-04-um-13.57.08-768x481.png 768w, https:\/\/cvo.hamburg.de\/wp-content\/uploads\/sites\/31\/2023\/07\/Bildschirmfoto-2023-07-04-um-13.57.08-1536x961.png 1536w, https:\/\/cvo.hamburg.de\/wp-content\/uploads\/sites\/31\/2023\/07\/Bildschirmfoto-2023-07-04-um-13.57.08-2048x1282.png 2048w\" sizes=\"auto, (max-width: 938px) 100vw, 938px\" \/><br \/>\nUm die Wichtigkeit des Lesens auch r\u00e4umlich zu zeigen und einen niedrigschwelligen und motivierenden Zugang zum Lesen im und au\u00dferhalb des Unterrichts zu erm\u00f6glichen, haben wir 2020 neben der bereits bestehenden Oberstufen-Fachbibliothek <a href=\"https:\/\/cvo.hamburg.de\/?page_id=201\">AIZ (Arbeits- und Informationszentrum)<\/a> eine zweite, gro\u00dfe und gem\u00fctliche Bibliothek, <a href=\"https:\/\/cvo.hamburg.de\/?page_id=4192\">Carl liest<\/a>, f\u00fcr alle Jahrg\u00e4nge geschaffen. Seit 2022 ist Carl Liest mit eigener Leitung durchgehend bis in den Nachmittag ge\u00f6ffnet und neben klassischer Ausleihb\u00fccherei auch anderer Lern- und Arbeitsort, Recherchezentrum und Entspannungsort f\u00fcr Unterrichtszeit wie Ganztag. Auch AGs und Veranstaltungen finden dort statt. Mit der Therapie- und Lesehundausbildung von Mina, dem Bibliothekshund, entsteht gerade ein weiteres Angebot f\u00fcr die Zukunft.<\/p>\n<p>Die beiden Filme \u201eWir lieben Lesen am CvO Hamburg \u2013 Carl liest\u201c und \u201eLesef\u00f6rderung am CvO Hamburg\u201c (hier der Link zum Video auf YouTube: <a href=\"https:\/\/youtu.be\/NXpqO6p3NVs;feature=emb_imp_woyt&quot; class=&quot;a&quot;\" target=\"_blank\" rel=\"noopener noreferrer\">Video<\/a>) geben Ihnen einen Eindruck von unseren Angeboten am CvO.<\/p>\n<p>&nbsp;<\/p>\n<p>&nbsp;<\/p>\n","protected":false},"excerpt":{"rendered":"<p>Wir lieben und wir leben Lesen \u2013 wir lesen! Lesen ist eine Kernkompetenz f\u00fcr die Lebensbew\u00e4ltigung. Gerade in Zeiten von Informationsflut und Digitalisierung ist die F\u00e4higkeit zur fundierten Informationsgewinnung aus Texten und der kritischen&#46;&#46;&#46;<\/p>\n","protected":false},"author":728,"featured_media":0,"parent":0,"menu_order":0,"comment_status":"closed","ping_status":"closed","template":"","meta":{"_acf_changed":false,"footnotes":""},"class_list":["post-8413","page","type-page","status-publish","hentry"],"acf":[],"_links":{"self":[{"href":"https:\/\/cvo.hamburg.de\/index.php?rest_route=\/wp\/v2\/pages\/8413","targetHints":{"allow":["GET"]}}],"collection":[{"href":"https:\/\/cvo.hamburg.de\/index.php?rest_route=\/wp\/v2\/pages"}],"about":[{"href":"https:\/\/cvo.hamburg.de\/index.php?rest_route=\/wp\/v2\/types\/page"}],"author":[{"embeddable":true,"href":"https:\/\/cvo.hamburg.de\/index.php?rest_route=\/wp\/v2\/users\/728"}],"replies":[{"embeddable":true,"href":"https:\/\/cvo.hamburg.de\/index.php?rest_route=%2Fwp%2Fv2%2Fcomments&post=8413"}],"version-history":[{"count":11,"href":"https:\/\/cvo.hamburg.de\/index.php?rest_route=\/wp\/v2\/pages\/8413\/revisions"}],"predecessor-version":[{"id":8450,"href":"https:\/\/cvo.hamburg.de\/index.php?rest_route=\/wp\/v2\/pages\/8413\/revisions\/8450"}],"wp:attachment":[{"href":"https:\/\/cvo.hamburg.de\/index.php?rest_route=%2Fwp%2Fv2%2Fmedia&parent=8413"}],"curies":[{"name":"wp","href":"https:\/\/api.w.org\/{rel}","templated":true}]}}