{"id":7975,"date":"2022-12-07T10:46:40","date_gmt":"2022-12-07T09:46:40","guid":{"rendered":"https:\/\/cvo.hamburg.de\/?page_id=7975"},"modified":"2025-10-16T10:26:12","modified_gmt":"2025-10-16T08:26:12","slug":"verbindungslehrkraefte","status":"publish","type":"page","link":"https:\/\/cvo.hamburg.de\/?page_id=7975","title":{"rendered":"Verbindungslehrkr\u00e4fte"},"content":{"rendered":"<p><img loading=\"lazy\" decoding=\"async\" class=\" wp-image-10544 alignleft\" src=\"https:\/\/cvo.hamburg.de\/wp-content\/uploads\/sites\/31\/2025\/10\/Bildschirmfoto-2025-10-16-um-10.25.25.png\" alt=\"\" width=\"216\" height=\"193\" srcset=\"https:\/\/cvo.hamburg.de\/wp-content\/uploads\/sites\/31\/2025\/10\/Bildschirmfoto-2025-10-16-um-10.25.25.png 626w, https:\/\/cvo.hamburg.de\/wp-content\/uploads\/sites\/31\/2025\/10\/Bildschirmfoto-2025-10-16-um-10.25.25-300x268.png 300w\" sizes=\"auto, (max-width: 216px) 100vw, 216px\" \/>Frau Dastur und Herr Scherer sind die Verbindungslehrkr\u00e4fte an unserer Schule. Sie arbeiten eng mit dem Schulsprecherteam zusammen und unterst\u00fctzen es.&nbsp;<br \/>\nAls Verbindungslehrkr\u00e4fte f\u00f6rdern sie den Kontakt zwischen Sch\u00fclerInnen, LehrerInnen und der Schulleitung &nbsp;und unterst\u00fctzen die&nbsp;Sch\u00fclerInnen dabei, dass ihre Interessen geh\u00f6rt und ihre Ideen umgesetzt werden.<\/p>\n<p>Bei Fragen oder W\u00fcnsche zum Schulleben gerne direkt Kontakt aufnehmen!<\/p>\n<p>&nbsp;<\/p>\n<p>&nbsp;<\/p>\n<p><em>Foto: L. Hambach<\/em><\/p>\n","protected":false},"excerpt":{"rendered":"<p>Frau Dastur und Herr Scherer sind die Verbindungslehrkr\u00e4fte an unserer Schule. Sie arbeiten eng mit dem Schulsprecherteam zusammen und unterst\u00fctzen es.&nbsp; Als Verbindungslehrkr\u00e4fte f\u00f6rdern sie den Kontakt zwischen Sch\u00fclerInnen, LehrerInnen und der Schulleitung &nbsp;und&#46;&#46;&#46;<\/p>\n","protected":false},"author":728,"featured_media":0,"parent":0,"menu_order":0,"comment_status":"closed","ping_status":"closed","template":"","meta":{"_acf_changed":false,"footnotes":""},"class_list":["post-7975","page","type-page","status-publish","hentry"],"acf":[],"_links":{"self":[{"href":"https:\/\/cvo.hamburg.de\/index.php?rest_route=\/wp\/v2\/pages\/7975","targetHints":{"allow":["GET"]}}],"collection":[{"href":"https:\/\/cvo.hamburg.de\/index.php?rest_route=\/wp\/v2\/pages"}],"about":[{"href":"https:\/\/cvo.hamburg.de\/index.php?rest_route=\/wp\/v2\/types\/page"}],"author":[{"embeddable":true,"href":"https:\/\/cvo.hamburg.de\/index.php?rest_route=\/wp\/v2\/users\/728"}],"replies":[{"embeddable":true,"href":"https:\/\/cvo.hamburg.de\/index.php?rest_route=%2Fwp%2Fv2%2Fcomments&post=7975"}],"version-history":[{"count":7,"href":"https:\/\/cvo.hamburg.de\/index.php?rest_route=\/wp\/v2\/pages\/7975\/revisions"}],"predecessor-version":[{"id":10545,"href":"https:\/\/cvo.hamburg.de\/index.php?rest_route=\/wp\/v2\/pages\/7975\/revisions\/10545"}],"wp:attachment":[{"href":"https:\/\/cvo.hamburg.de\/index.php?rest_route=%2Fwp%2Fv2%2Fmedia&parent=7975"}],"curies":[{"name":"wp","href":"https:\/\/api.w.org\/{rel}","templated":true}]}}