{"id":7969,"date":"2022-12-07T10:29:30","date_gmt":"2022-12-07T09:29:30","guid":{"rendered":"https:\/\/cvo.hamburg.de\/?page_id=7969"},"modified":"2022-12-07T10:37:07","modified_gmt":"2022-12-07T09:37:07","slug":"medienscouts","status":"publish","type":"page","link":"https:\/\/cvo.hamburg.de\/?page_id=7969","title":{"rendered":"Medienscouts"},"content":{"rendered":"<p style=\"font-weight: 400\">2021 starteten neun Sch\u00fclerInnen des achten Jahrgangs mit ihrer Ausbildung zu Medienscouts. Neben inhaltlicher Recherche zu Themen aus der digitalen Welt lernten die Medienscouts auch viele Methoden und Spiele kennen und gestalteten ihre ersten beiden eigenen Workshops zu den Themen \u201eGefahren &amp; Risiken im Netz: Cybermobbing\u201c sowie \u201eVerboten &amp; Erlaubt: AGB und Urheberrecht\u201c.<\/p>\n<p style=\"font-weight: 400\">Die Medienscouts f\u00fchren nun in Kleingruppen diese Workshops in allen sechsten Klassen durch, um die j\u00fcngeren Sch\u00fclerInnen f\u00fcr diese wichtigen Themen zu sensibilisieren. Dabei werden die Klassen mit vielen gruppendynamischen Spielen motiviert und k\u00f6nnen ihre Fragen loswerden.<\/p>\n<p style=\"font-weight: 400\">Ziel der Medienscout-Arbeit am CvO ist es, die Sch\u00fclerInnen der Unterstufe langfristig in verschiedenen Themenworkshops rund um digitale Medien zu informieren und aufzukl\u00e4ren, immer verbunden mit spielerischem Lernen und einer offenen Peer-to-Peer-Atmosph\u00e4re.<\/p>\n","protected":false},"excerpt":{"rendered":"<p>2021 starteten neun Sch\u00fclerInnen des achten Jahrgangs mit ihrer Ausbildung zu Medienscouts. Neben inhaltlicher Recherche zu Themen aus der digitalen Welt lernten die Medienscouts auch viele Methoden und Spiele kennen und gestalteten ihre ersten&#46;&#46;&#46;<\/p>\n","protected":false},"author":728,"featured_media":0,"parent":0,"menu_order":0,"comment_status":"closed","ping_status":"closed","template":"","meta":{"_acf_changed":false,"footnotes":""},"class_list":["post-7969","page","type-page","status-publish","hentry"],"acf":[],"_links":{"self":[{"href":"https:\/\/cvo.hamburg.de\/index.php?rest_route=\/wp\/v2\/pages\/7969","targetHints":{"allow":["GET"]}}],"collection":[{"href":"https:\/\/cvo.hamburg.de\/index.php?rest_route=\/wp\/v2\/pages"}],"about":[{"href":"https:\/\/cvo.hamburg.de\/index.php?rest_route=\/wp\/v2\/types\/page"}],"author":[{"embeddable":true,"href":"https:\/\/cvo.hamburg.de\/index.php?rest_route=\/wp\/v2\/users\/728"}],"replies":[{"embeddable":true,"href":"https:\/\/cvo.hamburg.de\/index.php?rest_route=%2Fwp%2Fv2%2Fcomments&post=7969"}],"version-history":[{"count":4,"href":"https:\/\/cvo.hamburg.de\/index.php?rest_route=\/wp\/v2\/pages\/7969\/revisions"}],"predecessor-version":[{"id":7974,"href":"https:\/\/cvo.hamburg.de\/index.php?rest_route=\/wp\/v2\/pages\/7969\/revisions\/7974"}],"wp:attachment":[{"href":"https:\/\/cvo.hamburg.de\/index.php?rest_route=%2Fwp%2Fv2%2Fmedia&parent=7969"}],"curies":[{"name":"wp","href":"https:\/\/api.w.org\/{rel}","templated":true}]}}