{"id":7763,"date":"2022-11-24T11:33:23","date_gmt":"2022-11-24T10:33:23","guid":{"rendered":"https:\/\/cvo.hamburg.de\/?page_id=7763"},"modified":"2022-11-24T11:33:23","modified_gmt":"2022-11-24T10:33:23","slug":"rock-pop-workshop-2","status":"publish","type":"page","link":"https:\/\/cvo.hamburg.de\/?page_id=7763","title":{"rendered":"Rock-Pop-Workshop"},"content":{"rendered":"<p>SuS aller Jahrg\u00e4nge haben die M\u00f6glichkeit, ihre musikalischen F\u00e4higkeiten und Vorlieben in selbst zusammengestellten Sch\u00fclerbands zu erproben. Im Rahmen des Rock-Pop-Workshops werden sie dabei von speziellen Lehrkr\u00e4ften begleitet und angeleitet. Auch technisches Equipment stellt die Schule zur Verf\u00fcgung. In der Mittel- und Oberstufe kann RPW auch in die Zeugnisnoten eingebracht werden. Regelm\u00e4\u00dfig pr\u00e4sentieren sich die Bands des CvO in von Sch\u00fclern organisierten RPW-Konzerten. Insgesamt sind am CvO ca. 20 Band-Formationen unterschiedlicher Musikstile aktiv. Ansprechpartner ist Herr Vogler (Vo).<\/p>\n","protected":false},"excerpt":{"rendered":"<p>SuS aller Jahrg\u00e4nge haben die M\u00f6glichkeit, ihre musikalischen F\u00e4higkeiten und Vorlieben in selbst zusammengestellten Sch\u00fclerbands zu erproben. Im Rahmen des Rock-Pop-Workshops werden sie dabei von speziellen Lehrkr\u00e4ften begleitet und angeleitet. Auch technisches Equipment stellt&#46;&#46;&#46;<\/p>\n","protected":false},"author":728,"featured_media":0,"parent":0,"menu_order":0,"comment_status":"closed","ping_status":"closed","template":"","meta":{"_acf_changed":false,"footnotes":""},"class_list":["post-7763","page","type-page","status-publish","hentry"],"acf":[],"_links":{"self":[{"href":"https:\/\/cvo.hamburg.de\/index.php?rest_route=\/wp\/v2\/pages\/7763","targetHints":{"allow":["GET"]}}],"collection":[{"href":"https:\/\/cvo.hamburg.de\/index.php?rest_route=\/wp\/v2\/pages"}],"about":[{"href":"https:\/\/cvo.hamburg.de\/index.php?rest_route=\/wp\/v2\/types\/page"}],"author":[{"embeddable":true,"href":"https:\/\/cvo.hamburg.de\/index.php?rest_route=\/wp\/v2\/users\/728"}],"replies":[{"embeddable":true,"href":"https:\/\/cvo.hamburg.de\/index.php?rest_route=%2Fwp%2Fv2%2Fcomments&post=7763"}],"version-history":[{"count":1,"href":"https:\/\/cvo.hamburg.de\/index.php?rest_route=\/wp\/v2\/pages\/7763\/revisions"}],"predecessor-version":[{"id":7764,"href":"https:\/\/cvo.hamburg.de\/index.php?rest_route=\/wp\/v2\/pages\/7763\/revisions\/7764"}],"wp:attachment":[{"href":"https:\/\/cvo.hamburg.de\/index.php?rest_route=%2Fwp%2Fv2%2Fmedia&parent=7763"}],"curies":[{"name":"wp","href":"https:\/\/api.w.org\/{rel}","templated":true}]}}