{"id":7750,"date":"2022-11-24T10:50:15","date_gmt":"2022-11-24T09:50:15","guid":{"rendered":"https:\/\/cvo.hamburg.de\/?page_id=7750"},"modified":"2022-11-24T10:50:15","modified_gmt":"2022-11-24T09:50:15","slug":"zielorientierungsseminar-zos","status":"publish","type":"page","link":"https:\/\/cvo.hamburg.de\/?page_id=7750","title":{"rendered":"Zielorientierungsseminar (ZOS)"},"content":{"rendered":"<p style=\"font-weight: 400\">In diesem Seminar, das in der Projektwoche am Ende der 10. Klasse in der neuen Profilzusammensetzung stattfindet, lernen die SuS ihre pers\u00f6nlichen F\u00e4higkeiten und Ziele kennen. Es bereitet auf die sp\u00e4tere Berufswahl vor und ist Bestandteil des BOSO Konzepts des CvO.<\/p>\n","protected":false},"excerpt":{"rendered":"<p>In diesem Seminar, das in der Projektwoche am Ende der 10. Klasse in der neuen Profilzusammensetzung stattfindet, lernen die SuS ihre pers\u00f6nlichen F\u00e4higkeiten und Ziele kennen. Es bereitet auf die sp\u00e4tere Berufswahl vor und&#46;&#46;&#46;<\/p>\n","protected":false},"author":728,"featured_media":0,"parent":0,"menu_order":0,"comment_status":"closed","ping_status":"closed","template":"","meta":{"_acf_changed":false,"footnotes":""},"class_list":["post-7750","page","type-page","status-publish","hentry"],"acf":[],"_links":{"self":[{"href":"https:\/\/cvo.hamburg.de\/index.php?rest_route=\/wp\/v2\/pages\/7750","targetHints":{"allow":["GET"]}}],"collection":[{"href":"https:\/\/cvo.hamburg.de\/index.php?rest_route=\/wp\/v2\/pages"}],"about":[{"href":"https:\/\/cvo.hamburg.de\/index.php?rest_route=\/wp\/v2\/types\/page"}],"author":[{"embeddable":true,"href":"https:\/\/cvo.hamburg.de\/index.php?rest_route=\/wp\/v2\/users\/728"}],"replies":[{"embeddable":true,"href":"https:\/\/cvo.hamburg.de\/index.php?rest_route=%2Fwp%2Fv2%2Fcomments&post=7750"}],"version-history":[{"count":1,"href":"https:\/\/cvo.hamburg.de\/index.php?rest_route=\/wp\/v2\/pages\/7750\/revisions"}],"predecessor-version":[{"id":7751,"href":"https:\/\/cvo.hamburg.de\/index.php?rest_route=\/wp\/v2\/pages\/7750\/revisions\/7751"}],"wp:attachment":[{"href":"https:\/\/cvo.hamburg.de\/index.php?rest_route=%2Fwp%2Fv2%2Fmedia&parent=7750"}],"curies":[{"name":"wp","href":"https:\/\/api.w.org\/{rel}","templated":true}]}}