{"id":7748,"date":"2022-11-24T10:49:16","date_gmt":"2022-11-24T09:49:16","guid":{"rendered":"https:\/\/cvo.hamburg.de\/?page_id=7748"},"modified":"2022-11-24T10:49:16","modified_gmt":"2022-11-24T09:49:16","slug":"yes-youth-education-skills","status":"publish","type":"page","link":"https:\/\/cvo.hamburg.de\/?page_id=7748","title":{"rendered":"YES! Youth Education Skills"},"content":{"rendered":"<p style=\"font-weight: 400\">Das Konzept der Peer-Education folgt der wissenschaftlichen Erkenntnis, dass \u00e4ltere Jugendliche als Trainerinnen und Trainer den Lernprozess J\u00fcngerer verbessern.<\/p>\n<p style=\"font-weight: 400\">In 24 Stunden werden Oberstufen-SuS, die zuvor ein Bewerbungsverfahren durchlaufen haben, durch zwei ausgebildete Lehrer am CvO zu YES!-Juniortrainern ausgebildet.<\/p>\n<p style=\"font-weight: 400\">Mit diesem erworbenen Wissen f\u00fchren sie anschlie\u00dfend selbstst\u00e4ndig an zwei Tagen der Suchtpr\u00e4ventionswoche das Stressbew\u00e4ltigungsprogramm \u201eSNAKE\u201c mit SuS der 8. Klassen durch, die dabei lernen, Stress bei sich wahrzunehmen und einen gesunden Umgang damit zu finden.<\/p>\n","protected":false},"excerpt":{"rendered":"<p>Das Konzept der Peer-Education folgt der wissenschaftlichen Erkenntnis, dass \u00e4ltere Jugendliche als Trainerinnen und Trainer den Lernprozess J\u00fcngerer verbessern. In 24 Stunden werden Oberstufen-SuS, die zuvor ein Bewerbungsverfahren durchlaufen haben, durch zwei ausgebildete Lehrer&#46;&#46;&#46;<\/p>\n","protected":false},"author":728,"featured_media":0,"parent":0,"menu_order":0,"comment_status":"closed","ping_status":"closed","template":"","meta":{"_acf_changed":false,"footnotes":""},"class_list":["post-7748","page","type-page","status-publish","hentry"],"acf":[],"_links":{"self":[{"href":"https:\/\/cvo.hamburg.de\/index.php?rest_route=\/wp\/v2\/pages\/7748","targetHints":{"allow":["GET"]}}],"collection":[{"href":"https:\/\/cvo.hamburg.de\/index.php?rest_route=\/wp\/v2\/pages"}],"about":[{"href":"https:\/\/cvo.hamburg.de\/index.php?rest_route=\/wp\/v2\/types\/page"}],"author":[{"embeddable":true,"href":"https:\/\/cvo.hamburg.de\/index.php?rest_route=\/wp\/v2\/users\/728"}],"replies":[{"embeddable":true,"href":"https:\/\/cvo.hamburg.de\/index.php?rest_route=%2Fwp%2Fv2%2Fcomments&post=7748"}],"version-history":[{"count":1,"href":"https:\/\/cvo.hamburg.de\/index.php?rest_route=\/wp\/v2\/pages\/7748\/revisions"}],"predecessor-version":[{"id":7749,"href":"https:\/\/cvo.hamburg.de\/index.php?rest_route=\/wp\/v2\/pages\/7748\/revisions\/7749"}],"wp:attachment":[{"href":"https:\/\/cvo.hamburg.de\/index.php?rest_route=%2Fwp%2Fv2%2Fmedia&parent=7748"}],"curies":[{"name":"wp","href":"https:\/\/api.w.org\/{rel}","templated":true}]}}