{"id":7746,"date":"2022-11-24T10:47:59","date_gmt":"2022-11-24T09:47:59","guid":{"rendered":"https:\/\/cvo.hamburg.de\/?page_id=7746"},"modified":"2022-11-25T11:41:13","modified_gmt":"2022-11-25T10:41:13","slug":"wettbewerbe-3","status":"publish","type":"page","link":"https:\/\/cvo.hamburg.de\/?page_id=7746","title":{"rendered":"Wettbewerbe"},"content":{"rendered":"<p style=\"font-weight: 400\">Wir m\u00f6chten bei unseren SuS die Lust an Wettbewerben wecken. Dies beginnt in der Unterstufe u.&nbsp;a. mit der Mathematikolympiade, dem Vorlesewettbewerb und dem naturwissenschaftlichen Wettbewerb NATEX.<\/p>\n<p style=\"font-weight: 400\">Ansprechpersonen f\u00fcr Wettbewerbe im naturwissenschaftlichen Bereich sind Frau W\u00fclfken (W\u00fc), Herr Arndt (Ar) und Herr Runde (Ru)<\/p>\n<p>\u21d2 Weitere Informationen finden Sie <a href=\"https:\/\/cvo.hamburg.de\/?page_id=2714\">hier<\/a><\/p>\n<p>&nbsp;<\/p>\n","protected":false},"excerpt":{"rendered":"<p>Wir m\u00f6chten bei unseren SuS die Lust an Wettbewerben wecken. Dies beginnt in der Unterstufe u.&nbsp;a. mit der Mathematikolympiade, dem Vorlesewettbewerb und dem naturwissenschaftlichen Wettbewerb NATEX. Ansprechpersonen f\u00fcr Wettbewerbe im naturwissenschaftlichen Bereich sind Frau&#46;&#46;&#46;<\/p>\n","protected":false},"author":728,"featured_media":0,"parent":0,"menu_order":0,"comment_status":"closed","ping_status":"closed","template":"","meta":{"_acf_changed":false,"footnotes":""},"class_list":["post-7746","page","type-page","status-publish","hentry"],"acf":[],"_links":{"self":[{"href":"https:\/\/cvo.hamburg.de\/index.php?rest_route=\/wp\/v2\/pages\/7746","targetHints":{"allow":["GET"]}}],"collection":[{"href":"https:\/\/cvo.hamburg.de\/index.php?rest_route=\/wp\/v2\/pages"}],"about":[{"href":"https:\/\/cvo.hamburg.de\/index.php?rest_route=\/wp\/v2\/types\/page"}],"author":[{"embeddable":true,"href":"https:\/\/cvo.hamburg.de\/index.php?rest_route=\/wp\/v2\/users\/728"}],"replies":[{"embeddable":true,"href":"https:\/\/cvo.hamburg.de\/index.php?rest_route=%2Fwp%2Fv2%2Fcomments&post=7746"}],"version-history":[{"count":2,"href":"https:\/\/cvo.hamburg.de\/index.php?rest_route=\/wp\/v2\/pages\/7746\/revisions"}],"predecessor-version":[{"id":7859,"href":"https:\/\/cvo.hamburg.de\/index.php?rest_route=\/wp\/v2\/pages\/7746\/revisions\/7859"}],"wp:attachment":[{"href":"https:\/\/cvo.hamburg.de\/index.php?rest_route=%2Fwp%2Fv2%2Fmedia&parent=7746"}],"curies":[{"name":"wp","href":"https:\/\/api.w.org\/{rel}","templated":true}]}}