{"id":7738,"date":"2022-11-24T10:44:41","date_gmt":"2022-11-24T09:44:41","guid":{"rendered":"https:\/\/cvo.hamburg.de\/?page_id=7738"},"modified":"2022-11-25T11:36:40","modified_gmt":"2022-11-25T10:36:40","slug":"verwaltungstrakt","status":"publish","type":"page","link":"https:\/\/cvo.hamburg.de\/?page_id=7738","title":{"rendered":"Verwaltungstrakt"},"content":{"rendered":"<p style=\"font-weight: 400\">Im Verwaltungstrakt, der direkt an die Pausenhalle anschlie\u00dft, befindet sich neben dem Schulb\u00fcro und den B\u00fcros der Schulleitung auch das Lehrerzimmer sowie das Hausmeisterb\u00fcro.&nbsp;Auf der anderen Seite der Pausenhalle sind der gro\u00dfe und der kleine Musikraum.<\/p>\n<p><img loading=\"lazy\" decoding=\"async\" class=\"alignleft wp-image-2793 size-large\" src=\"https:\/\/cvo.hamburg.de\/wp-content\/uploads\/sites\/31\/2017\/06\/Gebaeudeplan-cvo_end-724x1024.jpg\" alt=\"\" width=\"724\" height=\"1024\" srcset=\"https:\/\/cvo.hamburg.de\/wp-content\/uploads\/sites\/31\/2017\/06\/Gebaeudeplan-cvo_end-724x1024.jpg 724w, https:\/\/cvo.hamburg.de\/wp-content\/uploads\/sites\/31\/2017\/06\/Gebaeudeplan-cvo_end-212x300.jpg 212w, https:\/\/cvo.hamburg.de\/wp-content\/uploads\/sites\/31\/2017\/06\/Gebaeudeplan-cvo_end-768x1086.jpg 768w, https:\/\/cvo.hamburg.de\/wp-content\/uploads\/sites\/31\/2017\/06\/Gebaeudeplan-cvo_end.jpg 1448w\" sizes=\"auto, (max-width: 724px) 100vw, 724px\" \/><\/p>\n","protected":false},"excerpt":{"rendered":"<p>Im Verwaltungstrakt, der direkt an die Pausenhalle anschlie\u00dft, befindet sich neben dem Schulb\u00fcro und den B\u00fcros der Schulleitung auch das Lehrerzimmer sowie das Hausmeisterb\u00fcro.&nbsp;Auf der anderen Seite der Pausenhalle sind der gro\u00dfe und der&#46;&#46;&#46;<\/p>\n","protected":false},"author":728,"featured_media":0,"parent":0,"menu_order":0,"comment_status":"closed","ping_status":"closed","template":"","meta":{"_acf_changed":false,"footnotes":""},"class_list":["post-7738","page","type-page","status-publish","hentry"],"acf":[],"_links":{"self":[{"href":"https:\/\/cvo.hamburg.de\/index.php?rest_route=\/wp\/v2\/pages\/7738","targetHints":{"allow":["GET"]}}],"collection":[{"href":"https:\/\/cvo.hamburg.de\/index.php?rest_route=\/wp\/v2\/pages"}],"about":[{"href":"https:\/\/cvo.hamburg.de\/index.php?rest_route=\/wp\/v2\/types\/page"}],"author":[{"embeddable":true,"href":"https:\/\/cvo.hamburg.de\/index.php?rest_route=\/wp\/v2\/users\/728"}],"replies":[{"embeddable":true,"href":"https:\/\/cvo.hamburg.de\/index.php?rest_route=%2Fwp%2Fv2%2Fcomments&post=7738"}],"version-history":[{"count":2,"href":"https:\/\/cvo.hamburg.de\/index.php?rest_route=\/wp\/v2\/pages\/7738\/revisions"}],"predecessor-version":[{"id":7856,"href":"https:\/\/cvo.hamburg.de\/index.php?rest_route=\/wp\/v2\/pages\/7738\/revisions\/7856"}],"wp:attachment":[{"href":"https:\/\/cvo.hamburg.de\/index.php?rest_route=%2Fwp%2Fv2%2Fmedia&parent=7738"}],"curies":[{"name":"wp","href":"https:\/\/api.w.org\/{rel}","templated":true}]}}