{"id":7730,"date":"2022-11-24T10:38:43","date_gmt":"2022-11-24T09:38:43","guid":{"rendered":"https:\/\/cvo.hamburg.de\/?page_id=7730"},"modified":"2022-11-25T11:30:02","modified_gmt":"2022-11-25T10:30:02","slug":"trainingskurse-2","status":"publish","type":"page","link":"https:\/\/cvo.hamburg.de\/?page_id=7730","title":{"rendered":"Trainingskurse"},"content":{"rendered":"<p style=\"font-weight: 400\">Ab dem 2. Halbjahr Klasse 5 besuchen SuS mit Lernschwierigkeiten in den Hauptf\u00e4chern zus\u00e4tzlich am Nachmittag einen Trainingskurs. Bei einer 4\u2013 oder einer schlechteren Note wird durch die Zeugniskonferenz der Abschluss einer Lernvereinbarung zur zus\u00e4tzlichen F\u00f6rderung beschlossen. Nach Abschaffung des \u201eSitzenbleibens\u201c wird dies als Unterst\u00fctzungsm\u00f6glichkeit f\u00fcr die SuS angeboten.<\/p>\n<p>\u21d2 Weitere Informationen finden Sie <a href=\"https:\/\/cvo.hamburg.de\/?page_id=117\">hier<\/a><\/p>\n<p>&nbsp;<\/p>\n","protected":false},"excerpt":{"rendered":"<p>Ab dem 2. Halbjahr Klasse 5 besuchen SuS mit Lernschwierigkeiten in den Hauptf\u00e4chern zus\u00e4tzlich am Nachmittag einen Trainingskurs. Bei einer 4\u2013 oder einer schlechteren Note wird durch die Zeugniskonferenz der Abschluss einer Lernvereinbarung zur&#46;&#46;&#46;<\/p>\n","protected":false},"author":728,"featured_media":0,"parent":0,"menu_order":0,"comment_status":"closed","ping_status":"closed","template":"","meta":{"_acf_changed":false,"footnotes":""},"class_list":["post-7730","page","type-page","status-publish","hentry"],"acf":[],"_links":{"self":[{"href":"https:\/\/cvo.hamburg.de\/index.php?rest_route=\/wp\/v2\/pages\/7730","targetHints":{"allow":["GET"]}}],"collection":[{"href":"https:\/\/cvo.hamburg.de\/index.php?rest_route=\/wp\/v2\/pages"}],"about":[{"href":"https:\/\/cvo.hamburg.de\/index.php?rest_route=\/wp\/v2\/types\/page"}],"author":[{"embeddable":true,"href":"https:\/\/cvo.hamburg.de\/index.php?rest_route=\/wp\/v2\/users\/728"}],"replies":[{"embeddable":true,"href":"https:\/\/cvo.hamburg.de\/index.php?rest_route=%2Fwp%2Fv2%2Fcomments&post=7730"}],"version-history":[{"count":2,"href":"https:\/\/cvo.hamburg.de\/index.php?rest_route=\/wp\/v2\/pages\/7730\/revisions"}],"predecessor-version":[{"id":7850,"href":"https:\/\/cvo.hamburg.de\/index.php?rest_route=\/wp\/v2\/pages\/7730\/revisions\/7850"}],"wp:attachment":[{"href":"https:\/\/cvo.hamburg.de\/index.php?rest_route=%2Fwp%2Fv2%2Fmedia&parent=7730"}],"curies":[{"name":"wp","href":"https:\/\/api.w.org\/{rel}","templated":true}]}}