{"id":7715,"date":"2022-11-24T10:24:43","date_gmt":"2022-11-24T09:24:43","guid":{"rendered":"https:\/\/cvo.hamburg.de\/?page_id=7715"},"modified":"2022-11-24T10:24:43","modified_gmt":"2022-11-24T09:24:43","slug":"sporthallen","status":"publish","type":"page","link":"https:\/\/cvo.hamburg.de\/?page_id=7715","title":{"rendered":"Sporthallen"},"content":{"rendered":"<p style=\"font-weight: 400\">Zusammen mit der benachbarten Grundschule stehen uns tags\u00fcber die Bezirkssporthalle Tegelsbarg (Halle alt) und seit 2011 eine zus\u00e4tzliche 2-Feld-Halle (Hall neu) zur Verf\u00fcgung.<\/p>\n","protected":false},"excerpt":{"rendered":"<p>Zusammen mit der benachbarten Grundschule stehen uns tags\u00fcber die Bezirkssporthalle Tegelsbarg (Halle alt) und seit 2011 eine zus\u00e4tzliche 2-Feld-Halle (Hall neu) zur Verf\u00fcgung.<\/p>\n","protected":false},"author":728,"featured_media":0,"parent":0,"menu_order":0,"comment_status":"closed","ping_status":"closed","template":"","meta":{"_acf_changed":false,"footnotes":""},"class_list":["post-7715","page","type-page","status-publish","hentry"],"acf":[],"_links":{"self":[{"href":"https:\/\/cvo.hamburg.de\/index.php?rest_route=\/wp\/v2\/pages\/7715","targetHints":{"allow":["GET"]}}],"collection":[{"href":"https:\/\/cvo.hamburg.de\/index.php?rest_route=\/wp\/v2\/pages"}],"about":[{"href":"https:\/\/cvo.hamburg.de\/index.php?rest_route=\/wp\/v2\/types\/page"}],"author":[{"embeddable":true,"href":"https:\/\/cvo.hamburg.de\/index.php?rest_route=\/wp\/v2\/users\/728"}],"replies":[{"embeddable":true,"href":"https:\/\/cvo.hamburg.de\/index.php?rest_route=%2Fwp%2Fv2%2Fcomments&post=7715"}],"version-history":[{"count":1,"href":"https:\/\/cvo.hamburg.de\/index.php?rest_route=\/wp\/v2\/pages\/7715\/revisions"}],"predecessor-version":[{"id":7716,"href":"https:\/\/cvo.hamburg.de\/index.php?rest_route=\/wp\/v2\/pages\/7715\/revisions\/7716"}],"wp:attachment":[{"href":"https:\/\/cvo.hamburg.de\/index.php?rest_route=%2Fwp%2Fv2%2Fmedia&parent=7715"}],"curies":[{"name":"wp","href":"https:\/\/api.w.org\/{rel}","templated":true}]}}