{"id":7705,"date":"2022-11-24T10:17:18","date_gmt":"2022-11-24T09:17:18","guid":{"rendered":"https:\/\/cvo.hamburg.de\/?page_id=7705"},"modified":"2022-11-25T11:21:59","modified_gmt":"2022-11-25T10:21:59","slug":"schulverein","status":"publish","type":"page","link":"https:\/\/cvo.hamburg.de\/?page_id=7705","title":{"rendered":"Schulverein"},"content":{"rendered":"<p style=\"font-weight: 400\">Mitglieder unseres Schulvereins sind Eltern von SuS, LuL sowie Freunde der Schule, die die Lern- und Arbeitsbedingungen am Carl-von-Ossietzky-Gymnasium f\u00f6rdern wollen. Viele Eltern wissen, dass ihre Kinder von den Aktivit\u00e4ten des Schulvereins profitieren und tragen durch ihre Mitgliedschaft dazu bei, dass der Verein seine Aufgaben f\u00fcr das CvO in w\u00fcnschenswertem Umfang erf\u00fcllen kann.<\/p>\n<p style=\"font-weight: 400\">Der Schulverein des CvO ist als gemeinn\u00fctzig anerkannt. Der Mitgliedsbeitrag betr\u00e4gt j\u00e4hrlich mindestens 20 \u20ac unabh\u00e4ngig von der Zahl der Kinder an der Schule. Gerne d\u00fcrfen Sie den Verein auch mit h\u00f6heren Betr\u00e4gen unterst\u00fctzen. Alle finanziellen Zuwendungen an den Verein sind von der Steuer absetzbar. Bei Summen bis 200 \u20ac reicht dem Finanzamt der Kontoauszug bzw. \u00dcberweisungsbeleg. Auf Wunsch stellt der Schulverein eine Spendenbescheinigung aus.<\/p>\n<p style=\"font-weight: 400\">In den vergangenen Jahren wurden u.a. folgende Anschaffungen finanziert und Zusch\u00fcsse gew\u00e4hrt:<\/p>\n<p style=\"font-weight: 400\">Smartboards, Kletterwand in der neuen Sporthalle, Ausstattung der neuen Schulb\u00fccherei Carl liest, Tische und St\u00fchle f\u00fcr die Mensa, Pr\u00e4sentationsmedien, Sportger\u00e4te f\u00fcr den Schulhof, Busfahrten mit Austauschsch\u00fclern aus England und Frankreich, Buchpreise f\u00fcr Vorlesewettbewerbe, Zuschuss zu Klassenreisen, Zuschuss f\u00fcr den Theaterraum, u. v. a.<\/p>\n<p style=\"font-weight: 400\">Ihr Beitritt erm\u00f6glicht die Aktivit\u00e4ten der Zukunft! Erreichen k\u00f6nnen Sie uns postalisch unter: Schulverein des CvO, M\u00fcssenredder 59, 22399 Hamburg, und \u00fcber E-Mail: <em>cvoschulverein@yahoo.de<\/em><\/p>\n<p>\u21d2 Weitere Informationen finden Sie <a href=\"https:\/\/cvo.hamburg.de\/?page_id=406\">hier<\/a><\/p>\n<p>&nbsp;<\/p>\n","protected":false},"excerpt":{"rendered":"<p>Mitglieder unseres Schulvereins sind Eltern von SuS, LuL sowie Freunde der Schule, die die Lern- und Arbeitsbedingungen am Carl-von-Ossietzky-Gymnasium f\u00f6rdern wollen. Viele Eltern wissen, dass ihre Kinder von den Aktivit\u00e4ten des Schulvereins profitieren und&#46;&#46;&#46;<\/p>\n","protected":false},"author":728,"featured_media":0,"parent":0,"menu_order":0,"comment_status":"closed","ping_status":"closed","template":"","meta":{"_acf_changed":false,"footnotes":""},"class_list":["post-7705","page","type-page","status-publish","hentry"],"acf":[],"_links":{"self":[{"href":"https:\/\/cvo.hamburg.de\/index.php?rest_route=\/wp\/v2\/pages\/7705","targetHints":{"allow":["GET"]}}],"collection":[{"href":"https:\/\/cvo.hamburg.de\/index.php?rest_route=\/wp\/v2\/pages"}],"about":[{"href":"https:\/\/cvo.hamburg.de\/index.php?rest_route=\/wp\/v2\/types\/page"}],"author":[{"embeddable":true,"href":"https:\/\/cvo.hamburg.de\/index.php?rest_route=\/wp\/v2\/users\/728"}],"replies":[{"embeddable":true,"href":"https:\/\/cvo.hamburg.de\/index.php?rest_route=%2Fwp%2Fv2%2Fcomments&post=7705"}],"version-history":[{"count":2,"href":"https:\/\/cvo.hamburg.de\/index.php?rest_route=\/wp\/v2\/pages\/7705\/revisions"}],"predecessor-version":[{"id":7843,"href":"https:\/\/cvo.hamburg.de\/index.php?rest_route=\/wp\/v2\/pages\/7705\/revisions\/7843"}],"wp:attachment":[{"href":"https:\/\/cvo.hamburg.de\/index.php?rest_route=%2Fwp%2Fv2%2Fmedia&parent=7705"}],"curies":[{"name":"wp","href":"https:\/\/api.w.org\/{rel}","templated":true}]}}