{"id":7701,"date":"2022-11-23T19:30:37","date_gmt":"2022-11-23T18:30:37","guid":{"rendered":"https:\/\/cvo.hamburg.de\/?page_id=7701"},"modified":"2022-11-25T11:20:10","modified_gmt":"2022-11-25T10:20:10","slug":"schulsanitaetsdienst","status":"publish","type":"page","link":"https:\/\/cvo.hamburg.de\/?page_id=7701","title":{"rendered":"Schulsanit\u00e4tsdienst"},"content":{"rendered":"<p style=\"font-weight: 400\">Seit 2011 haben SuS, die \u00e4lter als 14 Jahre sind, am CvO die M\u00f6glichkeit, eine vom ASB durchgef\u00fchrte Ausbildung zur Schulsanit\u00e4terin\/zum Schulsanit\u00e4ter zu machen. Diese beinhaltet einen Erste-Hilfe-Kurs am Wochenende sowie einen einw\u00f6chigen Lehrgang in der Schulzeit. Hier wird nicht nur das Versorgen von Verletzungen, die angemessene Lagerung oder die Reanimation erlernt, sondern es wird auch der richtige Umgang mit Patienten in zahlreichen Fallbeispielen erprobt. Schulsanit\u00e4ter m\u00fcssen sowohl eine praktische und theoretische Pr\u00fcfung bestehen als auch einmal monatlich eine Fortbildung besuchen.<\/p>\n<p style=\"font-weight: 400\">W\u00e4hrend der Pausen befinden sich immer zwei Schulsanit\u00e4ter im Sanit\u00e4terraum (unten im Verwaltungstrakt); w\u00e4hrend der Unterrichtszeit sind sie \u00fcber ihre Diensthandys zu erreichen.&nbsp;Wer Interesse an Medizin hat oder einfach genau wissen will, wie man am besten bei Unf\u00e4llen etc. hilft, kann eine Ausbildung zum Schulsanit\u00e4ter machen!<\/p>\n<p style=\"font-weight: 400\">Interessenten k\u00f6nnen sich bei Frau Rutzen melden<\/p>\n<p>\u21d2 Weitere Informationen finden Sie <a href=\"https:\/\/cvo.hamburg.de\/?page_id=6112\">hier<\/a><\/p>\n<p>&nbsp;<\/p>\n","protected":false},"excerpt":{"rendered":"<p>Seit 2011 haben SuS, die \u00e4lter als 14 Jahre sind, am CvO die M\u00f6glichkeit, eine vom ASB durchgef\u00fchrte Ausbildung zur Schulsanit\u00e4terin\/zum Schulsanit\u00e4ter zu machen. Diese beinhaltet einen Erste-Hilfe-Kurs am Wochenende sowie einen einw\u00f6chigen Lehrgang&#46;&#46;&#46;<\/p>\n","protected":false},"author":728,"featured_media":0,"parent":0,"menu_order":0,"comment_status":"closed","ping_status":"closed","template":"","meta":{"_acf_changed":false,"footnotes":""},"class_list":["post-7701","page","type-page","status-publish","hentry"],"acf":[],"_links":{"self":[{"href":"https:\/\/cvo.hamburg.de\/index.php?rest_route=\/wp\/v2\/pages\/7701","targetHints":{"allow":["GET"]}}],"collection":[{"href":"https:\/\/cvo.hamburg.de\/index.php?rest_route=\/wp\/v2\/pages"}],"about":[{"href":"https:\/\/cvo.hamburg.de\/index.php?rest_route=\/wp\/v2\/types\/page"}],"author":[{"embeddable":true,"href":"https:\/\/cvo.hamburg.de\/index.php?rest_route=\/wp\/v2\/users\/728"}],"replies":[{"embeddable":true,"href":"https:\/\/cvo.hamburg.de\/index.php?rest_route=%2Fwp%2Fv2%2Fcomments&post=7701"}],"version-history":[{"count":2,"href":"https:\/\/cvo.hamburg.de\/index.php?rest_route=\/wp\/v2\/pages\/7701\/revisions"}],"predecessor-version":[{"id":7841,"href":"https:\/\/cvo.hamburg.de\/index.php?rest_route=\/wp\/v2\/pages\/7701\/revisions\/7841"}],"wp:attachment":[{"href":"https:\/\/cvo.hamburg.de\/index.php?rest_route=%2Fwp%2Fv2%2Fmedia&parent=7701"}],"curies":[{"name":"wp","href":"https:\/\/api.w.org\/{rel}","templated":true}]}}