{"id":7698,"date":"2022-11-23T19:29:17","date_gmt":"2022-11-23T18:29:17","guid":{"rendered":"https:\/\/cvo.hamburg.de\/?page_id=7698"},"modified":"2025-05-02T09:54:43","modified_gmt":"2025-05-02T07:54:43","slug":"schulinspektion","status":"publish","type":"page","link":"https:\/\/cvo.hamburg.de\/?page_id=7698","title":{"rendered":"Schulinspektion"},"content":{"rendered":"<p style=\"font-weight: 400\">Auch die letzte, im Mai 2023 von der Beh\u00f6rde durchgef\u00fchrte Schulinspektion durchlief das CvO mit einem Ergebnis, auf das alle Beteiligten stolz sein k\u00f6nnen. Nat\u00fcrlich gibt es immer noch Punkte, die man besser machen kann \u2013 daran arbeiten wir! Die Ergebniss\u00fcbersicht des Inspektionsteams finden Sie hier: <a href=\"https:\/\/www.hamburg.de\/resource\/blob\/145404\/851e281f0797d5276da302b669a8cfe2\/gym-carl-von-ossietzky-3-zyklus-data.pdf\" target=\"_blank\" rel=\"noopener\">gym-carl-von-ossietzky-3-zyklus-data.pdf<\/a><\/p>\n","protected":false},"excerpt":{"rendered":"<p>Auch die letzte, im Mai 2023 von der Beh\u00f6rde durchgef\u00fchrte Schulinspektion durchlief das CvO mit einem Ergebnis, auf das alle Beteiligten stolz sein k\u00f6nnen. Nat\u00fcrlich gibt es immer noch Punkte, die man besser machen&#46;&#46;&#46;<\/p>\n","protected":false},"author":728,"featured_media":0,"parent":0,"menu_order":0,"comment_status":"closed","ping_status":"closed","template":"","meta":{"_acf_changed":false,"footnotes":""},"class_list":["post-7698","page","type-page","status-publish","hentry"],"acf":[],"_links":{"self":[{"href":"https:\/\/cvo.hamburg.de\/index.php?rest_route=\/wp\/v2\/pages\/7698","targetHints":{"allow":["GET"]}}],"collection":[{"href":"https:\/\/cvo.hamburg.de\/index.php?rest_route=\/wp\/v2\/pages"}],"about":[{"href":"https:\/\/cvo.hamburg.de\/index.php?rest_route=\/wp\/v2\/types\/page"}],"author":[{"embeddable":true,"href":"https:\/\/cvo.hamburg.de\/index.php?rest_route=\/wp\/v2\/users\/728"}],"replies":[{"embeddable":true,"href":"https:\/\/cvo.hamburg.de\/index.php?rest_route=%2Fwp%2Fv2%2Fcomments&post=7698"}],"version-history":[{"count":6,"href":"https:\/\/cvo.hamburg.de\/index.php?rest_route=\/wp\/v2\/pages\/7698\/revisions"}],"predecessor-version":[{"id":10227,"href":"https:\/\/cvo.hamburg.de\/index.php?rest_route=\/wp\/v2\/pages\/7698\/revisions\/10227"}],"wp:attachment":[{"href":"https:\/\/cvo.hamburg.de\/index.php?rest_route=%2Fwp%2Fv2%2Fmedia&parent=7698"}],"curies":[{"name":"wp","href":"https:\/\/api.w.org\/{rel}","templated":true}]}}