{"id":7696,"date":"2022-11-23T19:27:47","date_gmt":"2022-11-23T18:27:47","guid":{"rendered":"https:\/\/cvo.hamburg.de\/?page_id=7696"},"modified":"2022-11-23T19:27:47","modified_gmt":"2022-11-23T18:27:47","slug":"schulhof","status":"publish","type":"page","link":"https:\/\/cvo.hamburg.de\/?page_id=7696","title":{"rendered":"Schulhof"},"content":{"rendered":"<p style=\"font-weight: 400\">Die Umgestaltung des Schulhofes ist immer wieder ein gro\u00dfes Thema in unserer Schule.<\/p>\n<p style=\"font-weight: 400\">Von Seiten der SuS gibt es immer wieder Verbesserungsvorschl\u00e4ge, die h\u00e4ufig auch umgesetzt werden k\u00f6nnen. Das Schulsprecherteam organisiert seit dem Schuljahr 2014\/2015 regelm\u00e4\u00dfig einen \u201eSchulhofgestaltungstag\u201c (Aktionstag). An diesem Tag erfolgen viele Versch\u00f6nerungsarbeiten und Reparaturen sowie Neuinstallationen z.&nbsp;B. von Sitzb\u00e4nken. Eltern, SuS und LuL nehmen an dem Tag teil.<\/p>\n","protected":false},"excerpt":{"rendered":"<p>Die Umgestaltung des Schulhofes ist immer wieder ein gro\u00dfes Thema in unserer Schule. Von Seiten der SuS gibt es immer wieder Verbesserungsvorschl\u00e4ge, die h\u00e4ufig auch umgesetzt werden k\u00f6nnen. Das Schulsprecherteam organisiert seit dem Schuljahr&#46;&#46;&#46;<\/p>\n","protected":false},"author":728,"featured_media":0,"parent":0,"menu_order":0,"comment_status":"closed","ping_status":"closed","template":"","meta":{"_acf_changed":false,"footnotes":""},"class_list":["post-7696","page","type-page","status-publish","hentry"],"acf":[],"_links":{"self":[{"href":"https:\/\/cvo.hamburg.de\/index.php?rest_route=\/wp\/v2\/pages\/7696","targetHints":{"allow":["GET"]}}],"collection":[{"href":"https:\/\/cvo.hamburg.de\/index.php?rest_route=\/wp\/v2\/pages"}],"about":[{"href":"https:\/\/cvo.hamburg.de\/index.php?rest_route=\/wp\/v2\/types\/page"}],"author":[{"embeddable":true,"href":"https:\/\/cvo.hamburg.de\/index.php?rest_route=\/wp\/v2\/users\/728"}],"replies":[{"embeddable":true,"href":"https:\/\/cvo.hamburg.de\/index.php?rest_route=%2Fwp%2Fv2%2Fcomments&post=7696"}],"version-history":[{"count":1,"href":"https:\/\/cvo.hamburg.de\/index.php?rest_route=\/wp\/v2\/pages\/7696\/revisions"}],"predecessor-version":[{"id":7697,"href":"https:\/\/cvo.hamburg.de\/index.php?rest_route=\/wp\/v2\/pages\/7696\/revisions\/7697"}],"wp:attachment":[{"href":"https:\/\/cvo.hamburg.de\/index.php?rest_route=%2Fwp%2Fv2%2Fmedia&parent=7696"}],"curies":[{"name":"wp","href":"https:\/\/api.w.org\/{rel}","templated":true}]}}