{"id":7694,"date":"2022-11-23T19:26:45","date_gmt":"2022-11-23T18:26:45","guid":{"rendered":"https:\/\/cvo.hamburg.de\/?page_id=7694"},"modified":"2022-11-23T19:26:45","modified_gmt":"2022-11-23T18:26:45","slug":"schulentwicklungsgruppe-seg-2","status":"publish","type":"page","link":"https:\/\/cvo.hamburg.de\/?page_id=7694","title":{"rendered":"Schulentwicklungsgruppe (SEG)"},"content":{"rendered":"<p style=\"font-weight: 400\">Hier sind LuL, SuS, Eltern und das gesamte Schulleitungsteam vertreten. Die Idee ist, langfristige Projekte der Schulentwicklung vorzudenken und im Gedankenaustausch so weit vorzubereiten, dass sie anschlie\u00dfend in den Beschlussgremien (Lehrerkonferenz, Elternrat, Sch\u00fclerrat und Schulkonferenz) beraten und abgestimmt werden k\u00f6nnen. Wesentliche Projekte in der letzten Zeit waren z. B. die Digitalisierung am CvO, die Neuausrichtung der Berufs- und Studienorientierung und die Neugestaltung der Profile. Die SEG tagt schul\u00f6ffentlich, es gibt keine festen Vertreter*innen, sondern jede\/r Interessierte der Schulgemeinschaft ist willkommen. Sie lebt von der Partizipation aller engagierten Beteiligten und ist in dieser Form einzigartig!<\/p>\n","protected":false},"excerpt":{"rendered":"<p>Hier sind LuL, SuS, Eltern und das gesamte Schulleitungsteam vertreten. Die Idee ist, langfristige Projekte der Schulentwicklung vorzudenken und im Gedankenaustausch so weit vorzubereiten, dass sie anschlie\u00dfend in den Beschlussgremien (Lehrerkonferenz, Elternrat, Sch\u00fclerrat und&#46;&#46;&#46;<\/p>\n","protected":false},"author":728,"featured_media":0,"parent":0,"menu_order":0,"comment_status":"closed","ping_status":"closed","template":"","meta":{"_acf_changed":false,"footnotes":""},"class_list":["post-7694","page","type-page","status-publish","hentry"],"acf":[],"_links":{"self":[{"href":"https:\/\/cvo.hamburg.de\/index.php?rest_route=\/wp\/v2\/pages\/7694","targetHints":{"allow":["GET"]}}],"collection":[{"href":"https:\/\/cvo.hamburg.de\/index.php?rest_route=\/wp\/v2\/pages"}],"about":[{"href":"https:\/\/cvo.hamburg.de\/index.php?rest_route=\/wp\/v2\/types\/page"}],"author":[{"embeddable":true,"href":"https:\/\/cvo.hamburg.de\/index.php?rest_route=\/wp\/v2\/users\/728"}],"replies":[{"embeddable":true,"href":"https:\/\/cvo.hamburg.de\/index.php?rest_route=%2Fwp%2Fv2%2Fcomments&post=7694"}],"version-history":[{"count":1,"href":"https:\/\/cvo.hamburg.de\/index.php?rest_route=\/wp\/v2\/pages\/7694\/revisions"}],"predecessor-version":[{"id":7695,"href":"https:\/\/cvo.hamburg.de\/index.php?rest_route=\/wp\/v2\/pages\/7694\/revisions\/7695"}],"wp:attachment":[{"href":"https:\/\/cvo.hamburg.de\/index.php?rest_route=%2Fwp%2Fv2%2Fmedia&parent=7694"}],"curies":[{"name":"wp","href":"https:\/\/api.w.org\/{rel}","templated":true}]}}