{"id":7681,"date":"2022-11-23T19:10:49","date_gmt":"2022-11-23T18:10:49","guid":{"rendered":"https:\/\/cvo.hamburg.de\/?page_id=7681"},"modified":"2022-11-25T09:48:04","modified_gmt":"2022-11-25T08:48:04","slug":"querdenkerpreis","status":"publish","type":"page","link":"https:\/\/cvo.hamburg.de\/?page_id=7681","title":{"rendered":"Courage Vision One World \/ ehem. Querdenkerpreis"},"content":{"rendered":"<p style=\"font-weight: 400\">Im Herbst 2011 wurden erstmals SuS besonders geehrt, die sich in Taten und Verhalten im Sinne der Leits\u00e4tze des CvO hervorgetan hatten. Die zu Ehrenden werden von SuS, LuL, Eltern oder Schulleitung einem Gremium vorgeschlagen. Dieses Gremium setzt sich aus Vertretern des F\u00f6rderkreises, einer externen Vertreterin und den verschiedenen schulischen Gruppen zusammen. Die Ehrung erfolgt einmal im Jahr im feierlichen Rahmen. Hier geht es vor allem um sichtbare Wertsch\u00e4tzung und Anerkennung der Kandidaten und deren Tat.<\/p>\n<p style=\"font-weight: 400\">Im Januar 2014 wurde unser Querdenkmal feierlich eingeweiht. Es besteht zum einen aus Kupferscheiben, auf denen die Namen all jener Sch\u00fclerinnen und Sch\u00fcler eingraviert werden, die mit dem \u201eQuerdenkerpreis\u201c ausgezeichnet wurden und zum anderen aus der Gipsvorlage f\u00fcr das in Sandstein gearbeitete Relief Carl von Ossietzkys, dass sich im Foyer des Hamburger Rathauses befindet und welches dem CvO von dem K\u00fcnstler Klaus K\u00fctemeier als Dauerleihgabe \u00fcberlassen wurde.<\/p>\n<p style=\"font-weight: 400\">Im Zuge der Corona-Pandemie wurde der Begriff der \u201eQuerdenker\u201c von einer Gruppe gepr\u00e4gt, die den Pfad des umsichtigen und demokratischen Zusammenlebens aus den Augen verlor \u2013 also genau jene Auffassung unterlief, die das CvO als Club-of-Rome-Schule in sein Leitbild aufgenommen hatte.&nbsp;So mussten sich die InitiatorInnen um Lehrerin Gabriela Buzuk einen neuen Namen f\u00fcr den Preis \u00fcberlegen: Herausgekommen ist der \u201eCourage Vision One World\u201c-Preis.<\/p>\n<p>\u21d2 Weitere Informationen finden Sie <a href=\"https:\/\/cvo.hamburg.de\/?p=6766\">hier<\/a><\/p>\n<p>&nbsp;<\/p>\n","protected":false},"excerpt":{"rendered":"<p>Im Herbst 2011 wurden erstmals SuS besonders geehrt, die sich in Taten und Verhalten im Sinne der Leits\u00e4tze des CvO hervorgetan hatten. Die zu Ehrenden werden von SuS, LuL, Eltern oder Schulleitung einem Gremium&#46;&#46;&#46;<\/p>\n","protected":false},"author":728,"featured_media":0,"parent":0,"menu_order":0,"comment_status":"closed","ping_status":"closed","template":"","meta":{"_acf_changed":false,"footnotes":""},"class_list":["post-7681","page","type-page","status-publish","hentry"],"acf":[],"_links":{"self":[{"href":"https:\/\/cvo.hamburg.de\/index.php?rest_route=\/wp\/v2\/pages\/7681","targetHints":{"allow":["GET"]}}],"collection":[{"href":"https:\/\/cvo.hamburg.de\/index.php?rest_route=\/wp\/v2\/pages"}],"about":[{"href":"https:\/\/cvo.hamburg.de\/index.php?rest_route=\/wp\/v2\/types\/page"}],"author":[{"embeddable":true,"href":"https:\/\/cvo.hamburg.de\/index.php?rest_route=\/wp\/v2\/users\/728"}],"replies":[{"embeddable":true,"href":"https:\/\/cvo.hamburg.de\/index.php?rest_route=%2Fwp%2Fv2%2Fcomments&post=7681"}],"version-history":[{"count":7,"href":"https:\/\/cvo.hamburg.de\/index.php?rest_route=\/wp\/v2\/pages\/7681\/revisions"}],"predecessor-version":[{"id":7806,"href":"https:\/\/cvo.hamburg.de\/index.php?rest_route=\/wp\/v2\/pages\/7681\/revisions\/7806"}],"wp:attachment":[{"href":"https:\/\/cvo.hamburg.de\/index.php?rest_route=%2Fwp%2Fv2%2Fmedia&parent=7681"}],"curies":[{"name":"wp","href":"https:\/\/api.w.org\/{rel}","templated":true}]}}