{"id":7644,"date":"2022-11-18T15:15:19","date_gmt":"2022-11-18T14:15:19","guid":{"rendered":"https:\/\/cvo.hamburg.de\/?page_id=7644"},"modified":"2022-11-18T15:16:20","modified_gmt":"2022-11-18T14:16:20","slug":"profile","status":"publish","type":"page","link":"https:\/\/cvo.hamburg.de\/?page_id=7644","title":{"rendered":"Profile"},"content":{"rendered":"<p style=\"font-weight: 400\">Seit dem Schuljahr 2009\/2010 w\u00e4hlen die Oberstufen-SuS in Hamburg statt Leistungskursen nun Profile. Diese bestehen aus mehreren F\u00e4chern, die unter einem Leitbegriff zusammengefasst werden. Z.&nbsp;B. enth\u00e4lt das Profil \u201eLeben in einer Welt\u201c die F\u00e4cher Geographie, Englisch, PGW und Bildende Kunst. Dazu kommt bei jedem Profil das Seminarfach, in dem z.&nbsp;B. Arbeitsweisen erlernt werden, eine Facharbeit geschrieben wird und Pr\u00e4sentationspr\u00fcfungen vorbereitet werden. Ziel ist es, Themen f\u00e4cher\u00fcbergreifend zu lernen, um Zusammenh\u00e4nge erkennen zu k\u00f6nnen. Im zweiten Halbjahr der 10. Klasse w\u00e4hlen die SuS einen Profilorientierungskurs, in dem sie vor dem Eintritt in die Studienstufe ihre Profilentscheidung \u00fcberpr\u00fcfen k\u00f6nnen.<\/p>\n<p style=\"font-weight: 400\">N\u00e4heres und das derzeitige Profilangebot des CvO finden Sie <a href=\"https:\/\/cvo.hamburg.de\/?page_id=204\">hier<\/a>.<\/p>\n","protected":false},"excerpt":{"rendered":"<p>Seit dem Schuljahr 2009\/2010 w\u00e4hlen die Oberstufen-SuS in Hamburg statt Leistungskursen nun Profile. Diese bestehen aus mehreren F\u00e4chern, die unter einem Leitbegriff zusammengefasst werden. Z.&nbsp;B. enth\u00e4lt das Profil \u201eLeben in einer Welt\u201c die F\u00e4cher&#46;&#46;&#46;<\/p>\n","protected":false},"author":728,"featured_media":0,"parent":0,"menu_order":0,"comment_status":"closed","ping_status":"closed","template":"","meta":{"_acf_changed":false,"footnotes":""},"class_list":["post-7644","page","type-page","status-publish","hentry"],"acf":[],"_links":{"self":[{"href":"https:\/\/cvo.hamburg.de\/index.php?rest_route=\/wp\/v2\/pages\/7644","targetHints":{"allow":["GET"]}}],"collection":[{"href":"https:\/\/cvo.hamburg.de\/index.php?rest_route=\/wp\/v2\/pages"}],"about":[{"href":"https:\/\/cvo.hamburg.de\/index.php?rest_route=\/wp\/v2\/types\/page"}],"author":[{"embeddable":true,"href":"https:\/\/cvo.hamburg.de\/index.php?rest_route=\/wp\/v2\/users\/728"}],"replies":[{"embeddable":true,"href":"https:\/\/cvo.hamburg.de\/index.php?rest_route=%2Fwp%2Fv2%2Fcomments&post=7644"}],"version-history":[{"count":2,"href":"https:\/\/cvo.hamburg.de\/index.php?rest_route=\/wp\/v2\/pages\/7644\/revisions"}],"predecessor-version":[{"id":7647,"href":"https:\/\/cvo.hamburg.de\/index.php?rest_route=\/wp\/v2\/pages\/7644\/revisions\/7647"}],"wp:attachment":[{"href":"https:\/\/cvo.hamburg.de\/index.php?rest_route=%2Fwp%2Fv2%2Fmedia&parent=7644"}],"curies":[{"name":"wp","href":"https:\/\/api.w.org\/{rel}","templated":true}]}}