{"id":7620,"date":"2022-11-18T14:59:58","date_gmt":"2022-11-18T13:59:58","guid":{"rendered":"https:\/\/cvo.hamburg.de\/?page_id=7620"},"modified":"2022-11-25T11:14:55","modified_gmt":"2022-11-25T10:14:55","slug":"osscar-die-schuelerzeitung-des-cvo","status":"publish","type":"page","link":"https:\/\/cvo.hamburg.de\/?page_id=7620","title":{"rendered":"OSSCAR &#8211; Die Sch\u00fclerzeitung des CvO"},"content":{"rendered":"<p style=\"font-weight: 400\">OSSCAR wird abgeleitet von OSSietzky CARl. Die Sch\u00fclerzeitung erscheint seit nunmehr 25 Jahren regelm\u00e4\u00dfig und geh\u00f6rt somit zu den \u00e4ltesten Sch\u00fclerzeitungen Hamburgs. Gleichzeitig ist sie auch eine der erfolgreichsten. Der OSSCAR befindet sich seit 2004 nahezu j\u00e4hrlich unter den Preistr\u00e4gern des \u201eSch\u00fclerzeitungswettbewerbs der L\u00e4nder\u201c. Insgesamt errang er sechs Mal den 1. Preis auf Landesebene; hinzu kommen mehrere 2. und 3. Preise. 2016 errang unsere Sch\u00fclerzeitung ihren bis dahin gr\u00f6\u00dften Erfolg: Der OSSCAR wurde in der Sparte Gymnasium zur besten Sch\u00fclerzeitung Deutschlands gek\u00fcrt. Darauf sind wir sehr stolz!<\/p>\n<p style=\"font-weight: 400\">Das Geheimnis des Erfolges des OSSCAR liegt in der sich st\u00e4ndig verbessernden Qualit\u00e4t, die nicht zuletzt auf Kontinuit\u00e4t basiert. Diese wird garantiert durch die Einbeziehung in den Wahl-Pflicht-Bereich der Mittelstufe und die M\u00f6glichkeit, ihn als einbringf\u00e4higen Kurs in der Oberstufe zu belegen. Herr Heller (He) und Frau Hobiger (Hob) unterst\u00fctzen die OSSCAR-Redaktion. Neben der Notengebung besteht die Rolle der LuL darin, die SuS bei ihrem Bestreben zu unterst\u00fctzen, Inhalt und Form des OSSCAR zu optimieren.&nbsp;Dazu schulen sie die Mitglieder der Redaktion in journalistischem Schreiben und sie vermitteln Grundkenntnisse in der gestalterischen Aufbereitung.<\/p>\n<p>\u21d2 Weitere Informationen finden Sie <a href=\"https:\/\/cvo.hamburg.de\/?page_id=425\">hier<\/a><\/p>\n<p style=\"font-weight: 400\">&nbsp;<\/p>\n","protected":false},"excerpt":{"rendered":"<p>OSSCAR wird abgeleitet von OSSietzky CARl. Die Sch\u00fclerzeitung erscheint seit nunmehr 25 Jahren regelm\u00e4\u00dfig und geh\u00f6rt somit zu den \u00e4ltesten Sch\u00fclerzeitungen Hamburgs. Gleichzeitig ist sie auch eine der erfolgreichsten. Der OSSCAR befindet sich seit&#46;&#46;&#46;<\/p>\n","protected":false},"author":728,"featured_media":0,"parent":0,"menu_order":0,"comment_status":"closed","ping_status":"closed","template":"","meta":{"_acf_changed":false,"footnotes":""},"class_list":["post-7620","page","type-page","status-publish","hentry"],"acf":[],"_links":{"self":[{"href":"https:\/\/cvo.hamburg.de\/index.php?rest_route=\/wp\/v2\/pages\/7620","targetHints":{"allow":["GET"]}}],"collection":[{"href":"https:\/\/cvo.hamburg.de\/index.php?rest_route=\/wp\/v2\/pages"}],"about":[{"href":"https:\/\/cvo.hamburg.de\/index.php?rest_route=\/wp\/v2\/types\/page"}],"author":[{"embeddable":true,"href":"https:\/\/cvo.hamburg.de\/index.php?rest_route=\/wp\/v2\/users\/728"}],"replies":[{"embeddable":true,"href":"https:\/\/cvo.hamburg.de\/index.php?rest_route=%2Fwp%2Fv2%2Fcomments&post=7620"}],"version-history":[{"count":3,"href":"https:\/\/cvo.hamburg.de\/index.php?rest_route=\/wp\/v2\/pages\/7620\/revisions"}],"predecessor-version":[{"id":7838,"href":"https:\/\/cvo.hamburg.de\/index.php?rest_route=\/wp\/v2\/pages\/7620\/revisions\/7838"}],"wp:attachment":[{"href":"https:\/\/cvo.hamburg.de\/index.php?rest_route=%2Fwp%2Fv2%2Fmedia&parent=7620"}],"curies":[{"name":"wp","href":"https:\/\/api.w.org\/{rel}","templated":true}]}}