{"id":7615,"date":"2022-11-18T14:55:34","date_gmt":"2022-11-18T13:55:34","guid":{"rendered":"https:\/\/cvo.hamburg.de\/?page_id=7615"},"modified":"2022-11-18T14:57:24","modified_gmt":"2022-11-18T13:57:24","slug":"oberstufe","status":"publish","type":"page","link":"https:\/\/cvo.hamburg.de\/?page_id=7615","title":{"rendered":"Oberstufe"},"content":{"rendered":"<p style=\"font-weight: 400\">Die R\u00e4ume der Oberstufe (Klasse 11-12) befinden sich im C-Geb\u00e4ude. Hier ist im 1. OG auch das AIZ, das Arbeits- und Informationszentrum. Das CvO nimmt zu Beginn der Oberstufe h\u00e4ufig zahlreiche SuS anderer Schulen auf. Abteilungsleiter der Oberstufe ist Herr Dr. M\u00f6bius (M\u00f6).<\/p>\n<p>Weitere Informationen zur Oberstufe finden Sie <a href=\"https:\/\/cvo.hamburg.de\/?page_id=499\">hier<\/a><\/p>\n","protected":false},"excerpt":{"rendered":"<p>Die R\u00e4ume der Oberstufe (Klasse 11-12) befinden sich im C-Geb\u00e4ude. Hier ist im 1. OG auch das AIZ, das Arbeits- und Informationszentrum. Das CvO nimmt zu Beginn der Oberstufe h\u00e4ufig zahlreiche SuS anderer Schulen&#46;&#46;&#46;<\/p>\n","protected":false},"author":728,"featured_media":0,"parent":0,"menu_order":0,"comment_status":"closed","ping_status":"closed","template":"","meta":{"_acf_changed":false,"footnotes":""},"class_list":["post-7615","page","type-page","status-publish","hentry"],"acf":[],"_links":{"self":[{"href":"https:\/\/cvo.hamburg.de\/index.php?rest_route=\/wp\/v2\/pages\/7615","targetHints":{"allow":["GET"]}}],"collection":[{"href":"https:\/\/cvo.hamburg.de\/index.php?rest_route=\/wp\/v2\/pages"}],"about":[{"href":"https:\/\/cvo.hamburg.de\/index.php?rest_route=\/wp\/v2\/types\/page"}],"author":[{"embeddable":true,"href":"https:\/\/cvo.hamburg.de\/index.php?rest_route=\/wp\/v2\/users\/728"}],"replies":[{"embeddable":true,"href":"https:\/\/cvo.hamburg.de\/index.php?rest_route=%2Fwp%2Fv2%2Fcomments&post=7615"}],"version-history":[{"count":2,"href":"https:\/\/cvo.hamburg.de\/index.php?rest_route=\/wp\/v2\/pages\/7615\/revisions"}],"predecessor-version":[{"id":7619,"href":"https:\/\/cvo.hamburg.de\/index.php?rest_route=\/wp\/v2\/pages\/7615\/revisions\/7619"}],"wp:attachment":[{"href":"https:\/\/cvo.hamburg.de\/index.php?rest_route=%2Fwp%2Fv2%2Fmedia&parent=7615"}],"curies":[{"name":"wp","href":"https:\/\/api.w.org\/{rel}","templated":true}]}}