{"id":7611,"date":"2022-11-18T14:52:46","date_gmt":"2022-11-18T13:52:46","guid":{"rendered":"https:\/\/cvo.hamburg.de\/?page_id=7611"},"modified":"2024-12-16T12:35:51","modified_gmt":"2024-12-16T11:35:51","slug":"newsletter","status":"publish","type":"page","link":"https:\/\/cvo.hamburg.de\/?page_id=7611","title":{"rendered":"Newsletter: Carligraph"},"content":{"rendered":"<p>Der Carligraph wird ab sofort den alten CvO-Newsletter ersetzen. In neuem Layout informiert dieser Rundbrief \u00fcber all das, was das CvO bewegt. Wir blicken zur\u00fcck auf pr\u00e4gende Momente, erinnern und informieren an bevorstehende Ereignisse: lebhaft, bewegend, informativ.<\/p>\n<p>Die Redaktion freut sich dabei immer \u00fcber neuen Input. Jede*r ist eingeladen sich zu beteiligen (Mail: <a href=\"mailto:carligraph@gmx.de\">carligraph@gmx.de<\/a>)!<\/p>\n<p>Die aktuellen Ausgaben finden Sie <a href=\"https:\/\/cvo.hamburg.de\/?page_id=502\">hier<\/a><\/p>\n<p>&nbsp;<\/p>\n","protected":false},"excerpt":{"rendered":"<p>Der Carligraph wird ab sofort den alten CvO-Newsletter ersetzen. In neuem Layout informiert dieser Rundbrief \u00fcber all das, was das CvO bewegt. Wir blicken zur\u00fcck auf pr\u00e4gende Momente, erinnern und informieren an bevorstehende Ereignisse:&#46;&#46;&#46;<\/p>\n","protected":false},"author":728,"featured_media":0,"parent":0,"menu_order":0,"comment_status":"closed","ping_status":"closed","template":"","meta":{"_acf_changed":false,"footnotes":""},"class_list":["post-7611","page","type-page","status-publish","hentry"],"acf":[],"_links":{"self":[{"href":"https:\/\/cvo.hamburg.de\/index.php?rest_route=\/wp\/v2\/pages\/7611","targetHints":{"allow":["GET"]}}],"collection":[{"href":"https:\/\/cvo.hamburg.de\/index.php?rest_route=\/wp\/v2\/pages"}],"about":[{"href":"https:\/\/cvo.hamburg.de\/index.php?rest_route=\/wp\/v2\/types\/page"}],"author":[{"embeddable":true,"href":"https:\/\/cvo.hamburg.de\/index.php?rest_route=\/wp\/v2\/users\/728"}],"replies":[{"embeddable":true,"href":"https:\/\/cvo.hamburg.de\/index.php?rest_route=%2Fwp%2Fv2%2Fcomments&post=7611"}],"version-history":[{"count":5,"href":"https:\/\/cvo.hamburg.de\/index.php?rest_route=\/wp\/v2\/pages\/7611\/revisions"}],"predecessor-version":[{"id":9881,"href":"https:\/\/cvo.hamburg.de\/index.php?rest_route=\/wp\/v2\/pages\/7611\/revisions\/9881"}],"wp:attachment":[{"href":"https:\/\/cvo.hamburg.de\/index.php?rest_route=%2Fwp%2Fv2%2Fmedia&parent=7611"}],"curies":[{"name":"wp","href":"https:\/\/api.w.org\/{rel}","templated":true}]}}