{"id":7604,"date":"2022-11-18T14:49:25","date_gmt":"2022-11-18T13:49:25","guid":{"rendered":"https:\/\/cvo.hamburg.de\/?page_id=7604"},"modified":"2025-09-19T10:52:16","modified_gmt":"2025-09-19T08:52:16","slug":"musikkonzept","status":"publish","type":"page","link":"https:\/\/cvo.hamburg.de\/?page_id=7604","title":{"rendered":"Musikkonzept"},"content":{"rendered":"<p style=\"font-weight: 400\">Jede Sch\u00fclerin und jeder Sch\u00fcler der 5. und 6. Klasse hat die M\u00f6glichkeit, ein Musikinstrument zu erlernen. Die Kinder besuchen in einer der beiden planm\u00e4\u00dfigen Musikstunden eine musikalische Praxisgruppe (Bl\u00e4ser, Gitarre, Streicher, Keyboard, Musical oder die Rhythmus-Gruppe) ihrer Wahl. F\u00fcr die Teilnehmer*innen aller Gruppen \u2013 au\u00dfer der Rhythmus-Gruppe \u2013 ist eine weitere dritte Musikstunde am Nachmittag verpflichtend, in der Unterricht im gew\u00e4hlten Instrument in Kleingruppen erfolgt und die von Honorarkr\u00e4ften unseres Musikvereins PRIMUS erteilt wird. Weitere Infos finden Sie <a href=\"https:\/\/cvo.hamburg.de\/?page_id=2674\">hier<\/a><\/p>\n","protected":false},"excerpt":{"rendered":"<p>Jede Sch\u00fclerin und jeder Sch\u00fcler der 5. und 6. Klasse hat die M\u00f6glichkeit, ein Musikinstrument zu erlernen. Die Kinder besuchen in einer der beiden planm\u00e4\u00dfigen Musikstunden eine musikalische Praxisgruppe (Bl\u00e4ser, Gitarre, Streicher, Keyboard, Musical&#46;&#46;&#46;<\/p>\n","protected":false},"author":728,"featured_media":0,"parent":0,"menu_order":0,"comment_status":"closed","ping_status":"closed","template":"","meta":{"_acf_changed":false,"footnotes":""},"class_list":["post-7604","page","type-page","status-publish","hentry"],"acf":[],"_links":{"self":[{"href":"https:\/\/cvo.hamburg.de\/index.php?rest_route=\/wp\/v2\/pages\/7604","targetHints":{"allow":["GET"]}}],"collection":[{"href":"https:\/\/cvo.hamburg.de\/index.php?rest_route=\/wp\/v2\/pages"}],"about":[{"href":"https:\/\/cvo.hamburg.de\/index.php?rest_route=\/wp\/v2\/types\/page"}],"author":[{"embeddable":true,"href":"https:\/\/cvo.hamburg.de\/index.php?rest_route=\/wp\/v2\/users\/728"}],"replies":[{"embeddable":true,"href":"https:\/\/cvo.hamburg.de\/index.php?rest_route=%2Fwp%2Fv2%2Fcomments&post=7604"}],"version-history":[{"count":6,"href":"https:\/\/cvo.hamburg.de\/index.php?rest_route=\/wp\/v2\/pages\/7604\/revisions"}],"predecessor-version":[{"id":10502,"href":"https:\/\/cvo.hamburg.de\/index.php?rest_route=\/wp\/v2\/pages\/7604\/revisions\/10502"}],"wp:attachment":[{"href":"https:\/\/cvo.hamburg.de\/index.php?rest_route=%2Fwp%2Fv2%2Fmedia&parent=7604"}],"curies":[{"name":"wp","href":"https:\/\/api.w.org\/{rel}","templated":true}]}}