{"id":7602,"date":"2022-11-18T14:48:10","date_gmt":"2022-11-18T13:48:10","guid":{"rendered":"https:\/\/cvo.hamburg.de\/?page_id=7602"},"modified":"2025-09-19T11:02:01","modified_gmt":"2025-09-19T09:02:01","slug":"moodle-lernmanagementsystem-lms","status":"publish","type":"page","link":"https:\/\/cvo.hamburg.de\/?page_id=7602","title":{"rendered":"Schuldock"},"content":{"rendered":"<p>Um schnell und sicher auf die verf\u00fcgbaren Lernprogramme und Dienste zugreifen zu k\u00f6nnen, stellt die BSFB das zentrale Zugangsportal Schuldock zur Verf\u00fcgung. Mit nur einem Login k\u00f6nnen sich Lehrkr\u00e4fte und Lernende zuk\u00fcnftig von \u00fcberall \u2013 mit Computer, Tablet oder Smartphone \u2013 anmelden und alle wichtigen Anwendungen &nbsp;wie zum Beispiel Moodle\/LMS, IServ und WebUntis nutzen.<\/p>\n<p style=\"font-weight: 400\">&nbsp;<\/p>\n","protected":false},"excerpt":{"rendered":"<p>Um schnell und sicher auf die verf\u00fcgbaren Lernprogramme und Dienste zugreifen zu k\u00f6nnen, stellt die BSFB das zentrale Zugangsportal Schuldock zur Verf\u00fcgung. Mit nur einem Login k\u00f6nnen sich Lehrkr\u00e4fte und Lernende zuk\u00fcnftig von \u00fcberall&#46;&#46;&#46;<\/p>\n","protected":false},"author":728,"featured_media":0,"parent":0,"menu_order":0,"comment_status":"closed","ping_status":"closed","template":"","meta":{"_acf_changed":false,"footnotes":""},"class_list":["post-7602","page","type-page","status-publish","hentry"],"acf":[],"_links":{"self":[{"href":"https:\/\/cvo.hamburg.de\/index.php?rest_route=\/wp\/v2\/pages\/7602","targetHints":{"allow":["GET"]}}],"collection":[{"href":"https:\/\/cvo.hamburg.de\/index.php?rest_route=\/wp\/v2\/pages"}],"about":[{"href":"https:\/\/cvo.hamburg.de\/index.php?rest_route=\/wp\/v2\/types\/page"}],"author":[{"embeddable":true,"href":"https:\/\/cvo.hamburg.de\/index.php?rest_route=\/wp\/v2\/users\/728"}],"replies":[{"embeddable":true,"href":"https:\/\/cvo.hamburg.de\/index.php?rest_route=%2Fwp%2Fv2%2Fcomments&post=7602"}],"version-history":[{"count":4,"href":"https:\/\/cvo.hamburg.de\/index.php?rest_route=\/wp\/v2\/pages\/7602\/revisions"}],"predecessor-version":[{"id":10505,"href":"https:\/\/cvo.hamburg.de\/index.php?rest_route=\/wp\/v2\/pages\/7602\/revisions\/10505"}],"wp:attachment":[{"href":"https:\/\/cvo.hamburg.de\/index.php?rest_route=%2Fwp%2Fv2%2Fmedia&parent=7602"}],"curies":[{"name":"wp","href":"https:\/\/api.w.org\/{rel}","templated":true}]}}