{"id":7599,"date":"2022-11-18T14:46:23","date_gmt":"2022-11-18T13:46:23","guid":{"rendered":"https:\/\/cvo.hamburg.de\/?page_id=7599"},"modified":"2025-02-04T15:13:56","modified_gmt":"2025-02-04T14:13:56","slug":"mittelstufe-3","status":"publish","type":"page","link":"https:\/\/cvo.hamburg.de\/?page_id=7599","title":{"rendered":"Mittelstufe"},"content":{"rendered":"<div><span class=\"Arial9\">Die Klassen 8-10 bilden die Mittelstufe. Ihre Klassenr\u00e4ume befinden sich im B-Geb\u00e4ude auf der r\u00fcckw\u00e4rtigen Seite das A-Geb\u00e4udes. Abteilungsleiterin der Mittelstufe ist Frau Busse. Weitere Informationen zu unserer sehr vielf\u00e4ltigen Mittelstufe gibt es <a href=\"https:\/\/cvo.hamburg.de\/?page_id=487\">hier<\/a> oder im <a href=\"https:\/\/cvo.hamburg.de\/wp-content\/uploads\/sites\/31\/2025\/02\/broschuere_curriculum_wp3_2025.pdf\">Curriculum zum Wahlpflichtbereich III<\/a>\u201c.<\/span><\/div>\n","protected":false},"excerpt":{"rendered":"<p>Die Klassen 8-10 bilden die Mittelstufe. Ihre Klassenr\u00e4ume befinden sich im B-Geb\u00e4ude auf der r\u00fcckw\u00e4rtigen Seite das A-Geb\u00e4udes. Abteilungsleiterin der Mittelstufe ist Frau Busse. Weitere Informationen zu unserer sehr vielf\u00e4ltigen Mittelstufe gibt es hier&#46;&#46;&#46;<\/p>\n","protected":false},"author":728,"featured_media":0,"parent":0,"menu_order":0,"comment_status":"closed","ping_status":"closed","template":"","meta":{"_acf_changed":false,"footnotes":""},"class_list":["post-7599","page","type-page","status-publish","hentry"],"acf":[],"_links":{"self":[{"href":"https:\/\/cvo.hamburg.de\/index.php?rest_route=\/wp\/v2\/pages\/7599","targetHints":{"allow":["GET"]}}],"collection":[{"href":"https:\/\/cvo.hamburg.de\/index.php?rest_route=\/wp\/v2\/pages"}],"about":[{"href":"https:\/\/cvo.hamburg.de\/index.php?rest_route=\/wp\/v2\/types\/page"}],"author":[{"embeddable":true,"href":"https:\/\/cvo.hamburg.de\/index.php?rest_route=\/wp\/v2\/users\/728"}],"replies":[{"embeddable":true,"href":"https:\/\/cvo.hamburg.de\/index.php?rest_route=%2Fwp%2Fv2%2Fcomments&post=7599"}],"version-history":[{"count":6,"href":"https:\/\/cvo.hamburg.de\/index.php?rest_route=\/wp\/v2\/pages\/7599\/revisions"}],"predecessor-version":[{"id":10033,"href":"https:\/\/cvo.hamburg.de\/index.php?rest_route=\/wp\/v2\/pages\/7599\/revisions\/10033"}],"wp:attachment":[{"href":"https:\/\/cvo.hamburg.de\/index.php?rest_route=%2Fwp%2Fv2%2Fmedia&parent=7599"}],"curies":[{"name":"wp","href":"https:\/\/api.w.org\/{rel}","templated":true}]}}