{"id":7592,"date":"2022-11-18T14:44:06","date_gmt":"2022-11-18T13:44:06","guid":{"rendered":"https:\/\/cvo.hamburg.de\/?page_id=7592"},"modified":"2022-11-25T11:03:34","modified_gmt":"2022-11-25T10:03:34","slug":"mint-freundliche-schule-2","status":"publish","type":"page","link":"https:\/\/cvo.hamburg.de\/?page_id=7592","title":{"rendered":"MINT-freundliche Schule"},"content":{"rendered":"<p style=\"font-weight: 400\">Das CvO darf sich seit 2016 \u00bbMINT-freundliche Schule\u00ab nennen. F\u00fcr diese Auszeichnung muss ein strenger Kriterienkatalog erf\u00fcllt werden, aus dem hervorgeht, wie die Schule die MINT-F\u00e4cher (Mathematik, Informatik, Naturwissenschaften, Technik) f\u00f6rdert und in diesem Bereich bewusst Schwerpunkte setzt. Hier konnte das CvO besonders durch die Forscherkurse punkten, die an naturwissenschaftliche Forschung heranf\u00fchren<\/p>\n<p>\u21d2 Weitere Informationen finden Sie <a href=\"https:\/\/cvo.hamburg.de\/?page_id=2351\">hier<\/a><\/p>\n<p>&nbsp;<\/p>\n","protected":false},"excerpt":{"rendered":"<p>Das CvO darf sich seit 2016 \u00bbMINT-freundliche Schule\u00ab nennen. F\u00fcr diese Auszeichnung muss ein strenger Kriterienkatalog erf\u00fcllt werden, aus dem hervorgeht, wie die Schule die MINT-F\u00e4cher (Mathematik, Informatik, Naturwissenschaften, Technik) f\u00f6rdert und in diesem&#46;&#46;&#46;<\/p>\n","protected":false},"author":728,"featured_media":0,"parent":0,"menu_order":0,"comment_status":"closed","ping_status":"closed","template":"","meta":{"_acf_changed":false,"footnotes":""},"class_list":["post-7592","page","type-page","status-publish","hentry"],"acf":[],"_links":{"self":[{"href":"https:\/\/cvo.hamburg.de\/index.php?rest_route=\/wp\/v2\/pages\/7592","targetHints":{"allow":["GET"]}}],"collection":[{"href":"https:\/\/cvo.hamburg.de\/index.php?rest_route=\/wp\/v2\/pages"}],"about":[{"href":"https:\/\/cvo.hamburg.de\/index.php?rest_route=\/wp\/v2\/types\/page"}],"author":[{"embeddable":true,"href":"https:\/\/cvo.hamburg.de\/index.php?rest_route=\/wp\/v2\/users\/728"}],"replies":[{"embeddable":true,"href":"https:\/\/cvo.hamburg.de\/index.php?rest_route=%2Fwp%2Fv2%2Fcomments&post=7592"}],"version-history":[{"count":2,"href":"https:\/\/cvo.hamburg.de\/index.php?rest_route=\/wp\/v2\/pages\/7592\/revisions"}],"predecessor-version":[{"id":7834,"href":"https:\/\/cvo.hamburg.de\/index.php?rest_route=\/wp\/v2\/pages\/7592\/revisions\/7834"}],"wp:attachment":[{"href":"https:\/\/cvo.hamburg.de\/index.php?rest_route=%2Fwp%2Fv2%2Fmedia&parent=7592"}],"curies":[{"name":"wp","href":"https:\/\/api.w.org\/{rel}","templated":true}]}}