{"id":7578,"date":"2022-11-18T13:31:30","date_gmt":"2022-11-18T12:31:30","guid":{"rendered":"https:\/\/cvo.hamburg.de\/?page_id=7578"},"modified":"2022-11-18T13:32:02","modified_gmt":"2022-11-18T12:32:02","slug":"mensa","status":"publish","type":"page","link":"https:\/\/cvo.hamburg.de\/?page_id=7578","title":{"rendered":"Mensa"},"content":{"rendered":"<p style=\"font-weight: 400\">Seit Beginn des Schuljahres 2021 hat Catering Lemke unseren Mensabetrieb \u00fcbernommen.<\/p>\n<p style=\"font-weight: 400\">Die gesamte Essensausgabe erfolgt \u00fcber das Free Flow-System. Die SuS k\u00f6nnen frei w\u00e4hlen und selbst entscheiden, wie viel sie essen m\u00f6chten. Das Mittagessen wird \u00fcber Pair Solution bestellt. Informationen hierzu gibt es auch auf der Homepage. SuS k\u00f6nnen auch spontan essen, es wird aber um Vorbestellungen gebeten, um die Ausgabe zu vereinfachen und die Menge an Essen besser kalkulieren zu k\u00f6nnen. Nicht vorbestellte Essen sind 0,50 \u20ac teurer.<\/p>\n<p style=\"font-weight: 400\">Weitere Informationen zu unserer Schulmensa erhalten Sie <a href=\"https:\/\/cvo.hamburg.de\/?page_id=3615\">hier<\/a>.&nbsp;<\/p>\n","protected":false},"excerpt":{"rendered":"<p>Seit Beginn des Schuljahres 2021 hat Catering Lemke unseren Mensabetrieb \u00fcbernommen. Die gesamte Essensausgabe erfolgt \u00fcber das Free Flow-System. Die SuS k\u00f6nnen frei w\u00e4hlen und selbst entscheiden, wie viel sie essen m\u00f6chten. Das Mittagessen&#46;&#46;&#46;<\/p>\n","protected":false},"author":728,"featured_media":0,"parent":0,"menu_order":0,"comment_status":"closed","ping_status":"closed","template":"","meta":{"_acf_changed":false,"footnotes":""},"class_list":["post-7578","page","type-page","status-publish","hentry"],"acf":[],"_links":{"self":[{"href":"https:\/\/cvo.hamburg.de\/index.php?rest_route=\/wp\/v2\/pages\/7578","targetHints":{"allow":["GET"]}}],"collection":[{"href":"https:\/\/cvo.hamburg.de\/index.php?rest_route=\/wp\/v2\/pages"}],"about":[{"href":"https:\/\/cvo.hamburg.de\/index.php?rest_route=\/wp\/v2\/types\/page"}],"author":[{"embeddable":true,"href":"https:\/\/cvo.hamburg.de\/index.php?rest_route=\/wp\/v2\/users\/728"}],"replies":[{"embeddable":true,"href":"https:\/\/cvo.hamburg.de\/index.php?rest_route=%2Fwp%2Fv2%2Fcomments&post=7578"}],"version-history":[{"count":2,"href":"https:\/\/cvo.hamburg.de\/index.php?rest_route=\/wp\/v2\/pages\/7578\/revisions"}],"predecessor-version":[{"id":7580,"href":"https:\/\/cvo.hamburg.de\/index.php?rest_route=\/wp\/v2\/pages\/7578\/revisions\/7580"}],"wp:attachment":[{"href":"https:\/\/cvo.hamburg.de\/index.php?rest_route=%2Fwp%2Fv2%2Fmedia&parent=7578"}],"curies":[{"name":"wp","href":"https:\/\/api.w.org\/{rel}","templated":true}]}}