{"id":7572,"date":"2022-11-18T13:28:33","date_gmt":"2022-11-18T12:28:33","guid":{"rendered":"https:\/\/cvo.hamburg.de\/?page_id=7572"},"modified":"2022-11-18T13:28:33","modified_gmt":"2022-11-18T12:28:33","slug":"mediatoren","status":"publish","type":"page","link":"https:\/\/cvo.hamburg.de\/?page_id=7572","title":{"rendered":"Mediatoren"},"content":{"rendered":"<p style=\"font-weight: 400\">Streitereien zwischen SuS kommen an jeder Schule vor. Normalerweise wird dar\u00fcber im Klassenrat gesprochen. Doch manchmal entstehen Konflikte, die tiefergehend sind und sich nicht f\u00fcr eine \u00f6ffentliche Diskussion eignen. Daf\u00fcr haben wir mehrere Mediatoren und SuS, die als \u201eKonfliktmanager\u201c ausgebildet sind und \u00fcber Frau Becher (Bec), Herrn Simon (Sim) und Frau Lafferenz (La) angesprochen werden k\u00f6nnen. Der Mediationsraum befindet sich im ersten Stock des Verwaltungsgeb\u00e4udes. Weitere Informationen finden sich im \u201eGelben Heft\u201c.<\/p>\n","protected":false},"excerpt":{"rendered":"<p>Streitereien zwischen SuS kommen an jeder Schule vor. Normalerweise wird dar\u00fcber im Klassenrat gesprochen. Doch manchmal entstehen Konflikte, die tiefergehend sind und sich nicht f\u00fcr eine \u00f6ffentliche Diskussion eignen. Daf\u00fcr haben wir mehrere Mediatoren&#46;&#46;&#46;<\/p>\n","protected":false},"author":728,"featured_media":0,"parent":0,"menu_order":0,"comment_status":"closed","ping_status":"closed","template":"","meta":{"_acf_changed":false,"footnotes":""},"class_list":["post-7572","page","type-page","status-publish","hentry"],"acf":[],"_links":{"self":[{"href":"https:\/\/cvo.hamburg.de\/index.php?rest_route=\/wp\/v2\/pages\/7572","targetHints":{"allow":["GET"]}}],"collection":[{"href":"https:\/\/cvo.hamburg.de\/index.php?rest_route=\/wp\/v2\/pages"}],"about":[{"href":"https:\/\/cvo.hamburg.de\/index.php?rest_route=\/wp\/v2\/types\/page"}],"author":[{"embeddable":true,"href":"https:\/\/cvo.hamburg.de\/index.php?rest_route=\/wp\/v2\/users\/728"}],"replies":[{"embeddable":true,"href":"https:\/\/cvo.hamburg.de\/index.php?rest_route=%2Fwp%2Fv2%2Fcomments&post=7572"}],"version-history":[{"count":1,"href":"https:\/\/cvo.hamburg.de\/index.php?rest_route=\/wp\/v2\/pages\/7572\/revisions"}],"predecessor-version":[{"id":7573,"href":"https:\/\/cvo.hamburg.de\/index.php?rest_route=\/wp\/v2\/pages\/7572\/revisions\/7573"}],"wp:attachment":[{"href":"https:\/\/cvo.hamburg.de\/index.php?rest_route=%2Fwp%2Fv2%2Fmedia&parent=7572"}],"curies":[{"name":"wp","href":"https:\/\/api.w.org\/{rel}","templated":true}]}}