{"id":7568,"date":"2022-11-18T13:25:44","date_gmt":"2022-11-18T12:25:44","guid":{"rendered":"https:\/\/cvo.hamburg.de\/?page_id=7568"},"modified":"2022-11-18T13:27:53","modified_gmt":"2022-11-18T12:27:53","slug":"mccarly-die-schuelerfirma","status":"publish","type":"page","link":"https:\/\/cvo.hamburg.de\/?page_id=7568","title":{"rendered":"McCarly &#8211; Die Sch\u00fclerfirma"},"content":{"rendered":"<p style=\"font-weight: 400\">Die Sch\u00fclerfirma kann im Wahlpflichtbereich der Mittelstufe gew\u00e4hlt werden. Die SuS erarbeiten sich \u00f6konomische Zusammenh\u00e4nge, indem sie praktisch und mit viel Eigeninitiative eigenverantwortliches unternehmerisches Handeln erlernen.<\/p>\n<p style=\"font-weight: 400\">Die SuS haben sich seit Bestehen der Sch\u00fclerfirma mit der Entwicklung von verschiedenen Gesch\u00e4ftsideen und deren Umsetzung wie Ein- und Verkauf, Kontof\u00fchrung sowie der rechtlichen Grundlagen, die es zu beachten gilt, befasst. Herr Vogler (Vo) unterst\u00fctzt die Sch\u00fclerfirma.<\/p>\n<p style=\"font-weight: 400\">Regelm\u00e4\u00dfig ver\u00e4ndert bzw. vergr\u00f6\u00dfert Mc Carly die Produktpalette, z.&nbsp;B. durch den Verkauf von Fair-Trade-Produkten (Schokoriegel, Limo) sowie das Design und den Vertrieb von Schulbekleidung. Die Sch\u00fclerfirma verkauft ihre Produkte regelm\u00e4\u00dfig gegen\u00fcber der Pausenhalle im Eingangsbereich. Mehr dazu <a href=\"https:\/\/cvo.hamburg.de\/?page_id=232\">hier<\/a><\/p>\n","protected":false},"excerpt":{"rendered":"<p>Die Sch\u00fclerfirma kann im Wahlpflichtbereich der Mittelstufe gew\u00e4hlt werden. Die SuS erarbeiten sich \u00f6konomische Zusammenh\u00e4nge, indem sie praktisch und mit viel Eigeninitiative eigenverantwortliches unternehmerisches Handeln erlernen. Die SuS haben sich seit Bestehen der Sch\u00fclerfirma&#46;&#46;&#46;<\/p>\n","protected":false},"author":728,"featured_media":0,"parent":0,"menu_order":0,"comment_status":"closed","ping_status":"closed","template":"","meta":{"_acf_changed":false,"footnotes":""},"class_list":["post-7568","page","type-page","status-publish","hentry"],"acf":[],"_links":{"self":[{"href":"https:\/\/cvo.hamburg.de\/index.php?rest_route=\/wp\/v2\/pages\/7568","targetHints":{"allow":["GET"]}}],"collection":[{"href":"https:\/\/cvo.hamburg.de\/index.php?rest_route=\/wp\/v2\/pages"}],"about":[{"href":"https:\/\/cvo.hamburg.de\/index.php?rest_route=\/wp\/v2\/types\/page"}],"author":[{"embeddable":true,"href":"https:\/\/cvo.hamburg.de\/index.php?rest_route=\/wp\/v2\/users\/728"}],"replies":[{"embeddable":true,"href":"https:\/\/cvo.hamburg.de\/index.php?rest_route=%2Fwp%2Fv2%2Fcomments&post=7568"}],"version-history":[{"count":2,"href":"https:\/\/cvo.hamburg.de\/index.php?rest_route=\/wp\/v2\/pages\/7568\/revisions"}],"predecessor-version":[{"id":7571,"href":"https:\/\/cvo.hamburg.de\/index.php?rest_route=\/wp\/v2\/pages\/7568\/revisions\/7571"}],"wp:attachment":[{"href":"https:\/\/cvo.hamburg.de\/index.php?rest_route=%2Fwp%2Fv2%2Fmedia&parent=7568"}],"curies":[{"name":"wp","href":"https:\/\/api.w.org\/{rel}","templated":true}]}}