{"id":7565,"date":"2022-11-18T13:23:13","date_gmt":"2022-11-18T12:23:13","guid":{"rendered":"https:\/\/cvo.hamburg.de\/?page_id=7565"},"modified":"2022-11-18T13:23:13","modified_gmt":"2022-11-18T12:23:13","slug":"logo","status":"publish","type":"page","link":"https:\/\/cvo.hamburg.de\/?page_id=7565","title":{"rendered":"Logo"},"content":{"rendered":"<p style=\"font-weight: 400\"><i><u><img loading=\"lazy\" decoding=\"async\" class=\"alignleft  wp-image-5371\" src=\"https:\/\/cvo.hamburg.de\/wp-content\/uploads\/sites\/31\/2021\/04\/CvO16-Kulturlogo_frei-Kopie-217x300.jpg\" alt=\"\" width=\"118\" height=\"163\" srcset=\"https:\/\/cvo.hamburg.de\/wp-content\/uploads\/sites\/31\/2021\/04\/CvO16-Kulturlogo_frei-Kopie-217x300.jpg 217w, https:\/\/cvo.hamburg.de\/wp-content\/uploads\/sites\/31\/2021\/04\/CvO16-Kulturlogo_frei-Kopie.jpg 300w\" sizes=\"auto, (max-width: 118px) 100vw, 118px\" \/><\/u><\/i>Zum 40-j\u00e4hrigen Jubil\u00e4um des CvO wurde in Zusammenarbeit von Schulleitung, Sch\u00fclerrat, Elternrat und Designern ein Logo entwickelt, das die Schule mit ihren Eigenschaften repr\u00e4sentiert und sich auch f\u00fcr Produkt-Branding eignet. Mittlerweile hat die Sch\u00fclerfirma Mc Carly eine Palette mit verschiedenen Produkten wie Kapuzenshirts oder Jogginghosen mit dem CvO-Logo zu entwickeln, um auch nach au\u00dfen ein einheitliches Bild zu bieten. Das Logo ist auch rechts vom Haupteingang als gro\u00dfe Stele aufgestellt. Es bildet in der Mitte den Namensgeber der Schule ab, links einen Lehrer und rechts eine Sch\u00fclerin und symbolisiert die Verbindung zwischen den Dreien.<\/p>\n","protected":false},"excerpt":{"rendered":"<p>Zum 40-j\u00e4hrigen Jubil\u00e4um des CvO wurde in Zusammenarbeit von Schulleitung, Sch\u00fclerrat, Elternrat und Designern ein Logo entwickelt, das die Schule mit ihren Eigenschaften repr\u00e4sentiert und sich auch f\u00fcr Produkt-Branding eignet. Mittlerweile hat die Sch\u00fclerfirma&#46;&#46;&#46;<\/p>\n","protected":false},"author":728,"featured_media":0,"parent":0,"menu_order":0,"comment_status":"closed","ping_status":"closed","template":"","meta":{"_acf_changed":false,"footnotes":""},"class_list":["post-7565","page","type-page","status-publish","hentry"],"acf":[],"_links":{"self":[{"href":"https:\/\/cvo.hamburg.de\/index.php?rest_route=\/wp\/v2\/pages\/7565","targetHints":{"allow":["GET"]}}],"collection":[{"href":"https:\/\/cvo.hamburg.de\/index.php?rest_route=\/wp\/v2\/pages"}],"about":[{"href":"https:\/\/cvo.hamburg.de\/index.php?rest_route=\/wp\/v2\/types\/page"}],"author":[{"embeddable":true,"href":"https:\/\/cvo.hamburg.de\/index.php?rest_route=\/wp\/v2\/users\/728"}],"replies":[{"embeddable":true,"href":"https:\/\/cvo.hamburg.de\/index.php?rest_route=%2Fwp%2Fv2%2Fcomments&post=7565"}],"version-history":[{"count":1,"href":"https:\/\/cvo.hamburg.de\/index.php?rest_route=\/wp\/v2\/pages\/7565\/revisions"}],"predecessor-version":[{"id":7566,"href":"https:\/\/cvo.hamburg.de\/index.php?rest_route=\/wp\/v2\/pages\/7565\/revisions\/7566"}],"wp:attachment":[{"href":"https:\/\/cvo.hamburg.de\/index.php?rest_route=%2Fwp%2Fv2%2Fmedia&parent=7565"}],"curies":[{"name":"wp","href":"https:\/\/api.w.org\/{rel}","templated":true}]}}