{"id":7562,"date":"2022-11-18T13:21:15","date_gmt":"2022-11-18T12:21:15","guid":{"rendered":"https:\/\/cvo.hamburg.de\/?page_id=7562"},"modified":"2022-11-18T13:21:15","modified_gmt":"2022-11-18T12:21:15","slug":"lernentwicklungsgespraeche","status":"publish","type":"page","link":"https:\/\/cvo.hamburg.de\/?page_id=7562","title":{"rendered":"Lernentwicklungsgespr\u00e4che"},"content":{"rendered":"<p style=\"font-weight: 400\">In den Klassenstufen 5 &#8211; 10 findet im Februar das j\u00e4hrliche Lernentwicklungsgespr\u00e4ch statt. Am CvO gibt es auch ein entsprechendes Tutoren-Gespr\u00e4ch in der Oberstufe. Im Jahrgang 5 gibt es zus\u00e4tzlich vor den Herbstferien ein Kennenlerngespr\u00e4ch mit den Eltern der neuen 5. Klassen.<\/p>\n","protected":false},"excerpt":{"rendered":"<p>In den Klassenstufen 5 &#8211; 10 findet im Februar das j\u00e4hrliche Lernentwicklungsgespr\u00e4ch statt. Am CvO gibt es auch ein entsprechendes Tutoren-Gespr\u00e4ch in der Oberstufe. Im Jahrgang 5 gibt es zus\u00e4tzlich vor den Herbstferien ein&#46;&#46;&#46;<\/p>\n","protected":false},"author":728,"featured_media":0,"parent":0,"menu_order":0,"comment_status":"closed","ping_status":"closed","template":"","meta":{"_acf_changed":false,"footnotes":""},"class_list":["post-7562","page","type-page","status-publish","hentry"],"acf":[],"_links":{"self":[{"href":"https:\/\/cvo.hamburg.de\/index.php?rest_route=\/wp\/v2\/pages\/7562","targetHints":{"allow":["GET"]}}],"collection":[{"href":"https:\/\/cvo.hamburg.de\/index.php?rest_route=\/wp\/v2\/pages"}],"about":[{"href":"https:\/\/cvo.hamburg.de\/index.php?rest_route=\/wp\/v2\/types\/page"}],"author":[{"embeddable":true,"href":"https:\/\/cvo.hamburg.de\/index.php?rest_route=\/wp\/v2\/users\/728"}],"replies":[{"embeddable":true,"href":"https:\/\/cvo.hamburg.de\/index.php?rest_route=%2Fwp%2Fv2%2Fcomments&post=7562"}],"version-history":[{"count":1,"href":"https:\/\/cvo.hamburg.de\/index.php?rest_route=\/wp\/v2\/pages\/7562\/revisions"}],"predecessor-version":[{"id":7563,"href":"https:\/\/cvo.hamburg.de\/index.php?rest_route=\/wp\/v2\/pages\/7562\/revisions\/7563"}],"wp:attachment":[{"href":"https:\/\/cvo.hamburg.de\/index.php?rest_route=%2Fwp%2Fv2%2Fmedia&parent=7562"}],"curies":[{"name":"wp","href":"https:\/\/api.w.org\/{rel}","templated":true}]}}