{"id":7559,"date":"2022-11-18T13:20:19","date_gmt":"2022-11-18T12:20:19","guid":{"rendered":"https:\/\/cvo.hamburg.de\/?page_id=7559"},"modified":"2022-11-18T13:20:19","modified_gmt":"2022-11-18T12:20:19","slug":"lern-coaching","status":"publish","type":"page","link":"https:\/\/cvo.hamburg.de\/?page_id=7559","title":{"rendered":"Lern-Coaching"},"content":{"rendered":"<p style=\"font-weight: 400\">Im Rahmen eines speziellen Unterst\u00fctzungsprogramms k\u00f6nnen SuS individuell begleitet werden, um ihnen Formen und Techniken des Lernens nahezubringen. Daf\u00fcr werden in der Schule ausgew\u00e4hlte SuS der \u00e4lteren Jahrg\u00e4nge als Lern-Coaches ausgebildet. Koordiniert von der daf\u00fcr verantwortlichen Lehrkraft, Frau Becher, bekommen j\u00fcngere SuS bei Bedarf einen Lern-Coach an die Seite gestellt.<\/p>\n","protected":false},"excerpt":{"rendered":"<p>Im Rahmen eines speziellen Unterst\u00fctzungsprogramms k\u00f6nnen SuS individuell begleitet werden, um ihnen Formen und Techniken des Lernens nahezubringen. Daf\u00fcr werden in der Schule ausgew\u00e4hlte SuS der \u00e4lteren Jahrg\u00e4nge als Lern-Coaches ausgebildet. Koordiniert von der&#46;&#46;&#46;<\/p>\n","protected":false},"author":728,"featured_media":0,"parent":0,"menu_order":0,"comment_status":"closed","ping_status":"closed","template":"","meta":{"_acf_changed":false,"footnotes":""},"class_list":["post-7559","page","type-page","status-publish","hentry"],"acf":[],"_links":{"self":[{"href":"https:\/\/cvo.hamburg.de\/index.php?rest_route=\/wp\/v2\/pages\/7559","targetHints":{"allow":["GET"]}}],"collection":[{"href":"https:\/\/cvo.hamburg.de\/index.php?rest_route=\/wp\/v2\/pages"}],"about":[{"href":"https:\/\/cvo.hamburg.de\/index.php?rest_route=\/wp\/v2\/types\/page"}],"author":[{"embeddable":true,"href":"https:\/\/cvo.hamburg.de\/index.php?rest_route=\/wp\/v2\/users\/728"}],"replies":[{"embeddable":true,"href":"https:\/\/cvo.hamburg.de\/index.php?rest_route=%2Fwp%2Fv2%2Fcomments&post=7559"}],"version-history":[{"count":1,"href":"https:\/\/cvo.hamburg.de\/index.php?rest_route=\/wp\/v2\/pages\/7559\/revisions"}],"predecessor-version":[{"id":7560,"href":"https:\/\/cvo.hamburg.de\/index.php?rest_route=\/wp\/v2\/pages\/7559\/revisions\/7560"}],"wp:attachment":[{"href":"https:\/\/cvo.hamburg.de\/index.php?rest_route=%2Fwp%2Fv2%2Fmedia&parent=7559"}],"curies":[{"name":"wp","href":"https:\/\/api.w.org\/{rel}","templated":true}]}}