{"id":7555,"date":"2022-11-18T13:18:53","date_gmt":"2022-11-18T12:18:53","guid":{"rendered":"https:\/\/cvo.hamburg.de\/?page_id=7555"},"modified":"2022-11-25T10:57:30","modified_gmt":"2022-11-25T09:57:30","slug":"leitbild","status":"publish","type":"page","link":"https:\/\/cvo.hamburg.de\/?page_id=7555","title":{"rendered":"Leitbild"},"content":{"rendered":"<p style=\"font-weight: 400\">Im Schuljahr 2014\/15 haben wir am CvO unser Leitbild unter Beteiligung von LuL sowie SuS und Eltern aus allen Klassen und Profilen neu formuliert. Dieses findet sich im \u201eGelben Heft\u201c und <a href=\"https:\/\/cvo.hamburg.de\/?page_id=68\">hier<\/a>. Es stellt die gemeinsame Grundlage f\u00fcr den Unterricht und das Miteinander von SuS, LuL und Eltern dar. Das neue Leitbild wurde mit gro\u00dfer Mehrheit von allen schulischen Gremien angenommen.<\/p>\n<p style=\"font-weight: 400\">Als wichtig wird dabei gesehen, dass es nicht nur sch\u00f6ne Leits\u00e4tze sind, sondern auch eine Umsetzung erfolgt und die S\u00e4tze mit Leben erf\u00fcllt werden. Im Leitbild selbst<\/p>\n","protected":false},"excerpt":{"rendered":"<p>Im Schuljahr 2014\/15 haben wir am CvO unser Leitbild unter Beteiligung von LuL sowie SuS und Eltern aus allen Klassen und Profilen neu formuliert. Dieses findet sich im \u201eGelben Heft\u201c und hier. Es stellt&#46;&#46;&#46;<\/p>\n","protected":false},"author":728,"featured_media":0,"parent":0,"menu_order":0,"comment_status":"closed","ping_status":"closed","template":"","meta":{"_acf_changed":false,"footnotes":""},"class_list":["post-7555","page","type-page","status-publish","hentry"],"acf":[],"_links":{"self":[{"href":"https:\/\/cvo.hamburg.de\/index.php?rest_route=\/wp\/v2\/pages\/7555","targetHints":{"allow":["GET"]}}],"collection":[{"href":"https:\/\/cvo.hamburg.de\/index.php?rest_route=\/wp\/v2\/pages"}],"about":[{"href":"https:\/\/cvo.hamburg.de\/index.php?rest_route=\/wp\/v2\/types\/page"}],"author":[{"embeddable":true,"href":"https:\/\/cvo.hamburg.de\/index.php?rest_route=\/wp\/v2\/users\/728"}],"replies":[{"embeddable":true,"href":"https:\/\/cvo.hamburg.de\/index.php?rest_route=%2Fwp%2Fv2%2Fcomments&post=7555"}],"version-history":[{"count":4,"href":"https:\/\/cvo.hamburg.de\/index.php?rest_route=\/wp\/v2\/pages\/7555\/revisions"}],"predecessor-version":[{"id":7831,"href":"https:\/\/cvo.hamburg.de\/index.php?rest_route=\/wp\/v2\/pages\/7555\/revisions\/7831"}],"wp:attachment":[{"href":"https:\/\/cvo.hamburg.de\/index.php?rest_route=%2Fwp%2Fv2%2Fmedia&parent=7555"}],"curies":[{"name":"wp","href":"https:\/\/api.w.org\/{rel}","templated":true}]}}