{"id":7548,"date":"2022-11-18T13:15:00","date_gmt":"2022-11-18T12:15:00","guid":{"rendered":"https:\/\/cvo.hamburg.de\/?page_id=7548"},"modified":"2022-11-18T13:15:21","modified_gmt":"2022-11-18T12:15:21","slug":"langstunde","status":"publish","type":"page","link":"https:\/\/cvo.hamburg.de\/?page_id=7548","title":{"rendered":"Langstunde"},"content":{"rendered":"<p style=\"font-weight: 400\">\u201eLangstunde\u201c ist die CvO-interne Bezeichnung f\u00fcr eine Doppelstunde. Sie dauert 90 Minuten. Bei uns ist der Unterricht mit Ausnahme des Musikunterrichts und den Unterrichtsstunden der Musikgro\u00dfgruppen in den Jahrg\u00e4ngen 5 und 6 ausschlie\u00dflich in Langstunden organisiert. Dadurch haben SuS der 5. und 6. Klassen in der Regel nur drei, die h\u00f6heren Jahrg\u00e4nge an zwei Tagen vier F\u00e4cher je Unterrichtstag.<\/p>\n","protected":false},"excerpt":{"rendered":"<p>\u201eLangstunde\u201c ist die CvO-interne Bezeichnung f\u00fcr eine Doppelstunde. Sie dauert 90 Minuten. Bei uns ist der Unterricht mit Ausnahme des Musikunterrichts und den Unterrichtsstunden der Musikgro\u00dfgruppen in den Jahrg\u00e4ngen 5 und 6 ausschlie\u00dflich in&#46;&#46;&#46;<\/p>\n","protected":false},"author":728,"featured_media":0,"parent":0,"menu_order":0,"comment_status":"closed","ping_status":"closed","template":"","meta":{"_acf_changed":false,"footnotes":""},"class_list":["post-7548","page","type-page","status-publish","hentry"],"acf":[],"_links":{"self":[{"href":"https:\/\/cvo.hamburg.de\/index.php?rest_route=\/wp\/v2\/pages\/7548","targetHints":{"allow":["GET"]}}],"collection":[{"href":"https:\/\/cvo.hamburg.de\/index.php?rest_route=\/wp\/v2\/pages"}],"about":[{"href":"https:\/\/cvo.hamburg.de\/index.php?rest_route=\/wp\/v2\/types\/page"}],"author":[{"embeddable":true,"href":"https:\/\/cvo.hamburg.de\/index.php?rest_route=\/wp\/v2\/users\/728"}],"replies":[{"embeddable":true,"href":"https:\/\/cvo.hamburg.de\/index.php?rest_route=%2Fwp%2Fv2%2Fcomments&post=7548"}],"version-history":[{"count":1,"href":"https:\/\/cvo.hamburg.de\/index.php?rest_route=\/wp\/v2\/pages\/7548\/revisions"}],"predecessor-version":[{"id":7549,"href":"https:\/\/cvo.hamburg.de\/index.php?rest_route=\/wp\/v2\/pages\/7548\/revisions\/7549"}],"wp:attachment":[{"href":"https:\/\/cvo.hamburg.de\/index.php?rest_route=%2Fwp%2Fv2%2Fmedia&parent=7548"}],"curies":[{"name":"wp","href":"https:\/\/api.w.org\/{rel}","templated":true}]}}