{"id":7543,"date":"2022-11-18T13:09:19","date_gmt":"2022-11-18T12:09:19","guid":{"rendered":"https:\/\/cvo.hamburg.de\/?page_id=7543"},"modified":"2024-06-24T11:02:27","modified_gmt":"2024-06-24T09:02:27","slug":"kooperationen","status":"publish","type":"page","link":"https:\/\/cvo.hamburg.de\/?page_id=7543","title":{"rendered":"Kooperationen"},"content":{"rendered":"<p style=\"font-weight: 400\">Das CvO geht Kooperationen ein. Dieses soll eine realit\u00e4tsnahe kritische Ausbildung und Auseinandersetzung der SuS mit Wirtschaftsaktivit\u00e4ten durch Einblicke und Diskussionen f\u00f6rdern. Partner sind z. B. die Eppendorf AG, HHA und die <a href=\"https:\/\/cvo.hamburg.de\/?page_id=7722\">TU Harburg<\/a> sowie die <a href=\"https:\/\/cvo.hamburg.de\/?page_id=2463\">Sportvereine UHC und HH-Nord.<\/a><\/p>\n<p>&nbsp;<\/p>\n","protected":false},"excerpt":{"rendered":"<p>Das CvO geht Kooperationen ein. Dieses soll eine realit\u00e4tsnahe kritische Ausbildung und Auseinandersetzung der SuS mit Wirtschaftsaktivit\u00e4ten durch Einblicke und Diskussionen f\u00f6rdern. Partner sind z. B. die Eppendorf AG, HHA und die TU Harburg&#46;&#46;&#46;<\/p>\n","protected":false},"author":728,"featured_media":0,"parent":0,"menu_order":0,"comment_status":"closed","ping_status":"closed","template":"","meta":{"_acf_changed":false,"footnotes":""},"class_list":["post-7543","page","type-page","status-publish","hentry"],"acf":[],"_links":{"self":[{"href":"https:\/\/cvo.hamburg.de\/index.php?rest_route=\/wp\/v2\/pages\/7543","targetHints":{"allow":["GET"]}}],"collection":[{"href":"https:\/\/cvo.hamburg.de\/index.php?rest_route=\/wp\/v2\/pages"}],"about":[{"href":"https:\/\/cvo.hamburg.de\/index.php?rest_route=\/wp\/v2\/types\/page"}],"author":[{"embeddable":true,"href":"https:\/\/cvo.hamburg.de\/index.php?rest_route=\/wp\/v2\/users\/728"}],"replies":[{"embeddable":true,"href":"https:\/\/cvo.hamburg.de\/index.php?rest_route=%2Fwp%2Fv2%2Fcomments&post=7543"}],"version-history":[{"count":5,"href":"https:\/\/cvo.hamburg.de\/index.php?rest_route=\/wp\/v2\/pages\/7543\/revisions"}],"predecessor-version":[{"id":9381,"href":"https:\/\/cvo.hamburg.de\/index.php?rest_route=\/wp\/v2\/pages\/7543\/revisions\/9381"}],"wp:attachment":[{"href":"https:\/\/cvo.hamburg.de\/index.php?rest_route=%2Fwp%2Fv2%2Fmedia&parent=7543"}],"curies":[{"name":"wp","href":"https:\/\/api.w.org\/{rel}","templated":true}]}}