{"id":7540,"date":"2022-11-18T13:04:53","date_gmt":"2022-11-18T12:04:53","guid":{"rendered":"https:\/\/cvo.hamburg.de\/?page_id=7540"},"modified":"2022-11-18T13:07:43","modified_gmt":"2022-11-18T12:07:43","slug":"konzerte","status":"publish","type":"page","link":"https:\/\/cvo.hamburg.de\/?page_id=7540","title":{"rendered":"Konzerte"},"content":{"rendered":"<p style=\"font-weight: 400\">An unserer Schule gibt es viele Musikgruppen, z.&nbsp;B. Schulorchester, Schulchor (Eltern-LuL-SuS und Ehemalige), diverse Rock- und Popbands, Unterstufenchor und die verschiedenen Orchester des Musikkonzeptes. Regelm\u00e4\u00dfig finden Konzerte statt, auf denen die Teilnehmer zeigen, was sie k\u00f6nnen. H\u00f6hepunkte sind das Weihnachtskonzert in der Ansgarkirche in Langenhorn und das Festival der K\u00fcnste im Sommer.<\/p>\n","protected":false},"excerpt":{"rendered":"<p>An unserer Schule gibt es viele Musikgruppen, z.&nbsp;B. Schulorchester, Schulchor (Eltern-LuL-SuS und Ehemalige), diverse Rock- und Popbands, Unterstufenchor und die verschiedenen Orchester des Musikkonzeptes. Regelm\u00e4\u00dfig finden Konzerte statt, auf denen die Teilnehmer zeigen, was&#46;&#46;&#46;<\/p>\n","protected":false},"author":728,"featured_media":0,"parent":0,"menu_order":0,"comment_status":"closed","ping_status":"closed","template":"","meta":{"_acf_changed":false,"footnotes":""},"class_list":["post-7540","page","type-page","status-publish","hentry"],"acf":[],"_links":{"self":[{"href":"https:\/\/cvo.hamburg.de\/index.php?rest_route=\/wp\/v2\/pages\/7540","targetHints":{"allow":["GET"]}}],"collection":[{"href":"https:\/\/cvo.hamburg.de\/index.php?rest_route=\/wp\/v2\/pages"}],"about":[{"href":"https:\/\/cvo.hamburg.de\/index.php?rest_route=\/wp\/v2\/types\/page"}],"author":[{"embeddable":true,"href":"https:\/\/cvo.hamburg.de\/index.php?rest_route=\/wp\/v2\/users\/728"}],"replies":[{"embeddable":true,"href":"https:\/\/cvo.hamburg.de\/index.php?rest_route=%2Fwp%2Fv2%2Fcomments&post=7540"}],"version-history":[{"count":1,"href":"https:\/\/cvo.hamburg.de\/index.php?rest_route=\/wp\/v2\/pages\/7540\/revisions"}],"predecessor-version":[{"id":7541,"href":"https:\/\/cvo.hamburg.de\/index.php?rest_route=\/wp\/v2\/pages\/7540\/revisions\/7541"}],"wp:attachment":[{"href":"https:\/\/cvo.hamburg.de\/index.php?rest_route=%2Fwp%2Fv2%2Fmedia&parent=7540"}],"curies":[{"name":"wp","href":"https:\/\/api.w.org\/{rel}","templated":true}]}}