{"id":7537,"date":"2022-11-18T13:03:55","date_gmt":"2022-11-18T12:03:55","guid":{"rendered":"https:\/\/cvo.hamburg.de\/?page_id=7537"},"modified":"2022-11-18T13:03:55","modified_gmt":"2022-11-18T12:03:55","slug":"konferenzen","status":"publish","type":"page","link":"https:\/\/cvo.hamburg.de\/?page_id=7537","title":{"rendered":"Konferenzen"},"content":{"rendered":"<p style=\"font-weight: 400\">Bei dem Wort Konferenz denkt man sofort an Lehrerkonferenzen, die es nat\u00fcrlich auch am CvO gibt. F\u00fcr Eltern sind die Planungskonferenzen von Bedeutung. Hier informieren die Klassenlehrer die Eltern- und Sch\u00fclervertreter \u00fcber Absprachen in der Klasse, wie z.&nbsp;B. Rituale, Themen der beiden Projektwochen, Projekte etc. Auch Probleme k\u00f6nnen hier diskutiert werden. Diese Planungskonferenzen finden zweimal im Schuljahr statt \u2013 einmal zu Beginn des Schuljahres und dann direkt vor der Halbjahreszeugniskonferenz. Die Elternvertreter informieren dann an den Elternabenden die Eltern der Klasse.<\/p>\n<p style=\"font-weight: 400\">Elternratsmitglieder nehmen regelm\u00e4\u00dfig an den Lehrerkonferenzen und Fachkonferenzen teil. Auch die Schulsprecher schicken ihre Vertreter. Alle haben Rederecht und tragen so zu einem transparenten und offenen Austausch bei.<\/p>\n","protected":false},"excerpt":{"rendered":"<p>Bei dem Wort Konferenz denkt man sofort an Lehrerkonferenzen, die es nat\u00fcrlich auch am CvO gibt. F\u00fcr Eltern sind die Planungskonferenzen von Bedeutung. Hier informieren die Klassenlehrer die Eltern- und Sch\u00fclervertreter \u00fcber Absprachen in&#46;&#46;&#46;<\/p>\n","protected":false},"author":728,"featured_media":0,"parent":0,"menu_order":0,"comment_status":"closed","ping_status":"closed","template":"","meta":{"_acf_changed":false,"footnotes":""},"class_list":["post-7537","page","type-page","status-publish","hentry"],"acf":[],"_links":{"self":[{"href":"https:\/\/cvo.hamburg.de\/index.php?rest_route=\/wp\/v2\/pages\/7537","targetHints":{"allow":["GET"]}}],"collection":[{"href":"https:\/\/cvo.hamburg.de\/index.php?rest_route=\/wp\/v2\/pages"}],"about":[{"href":"https:\/\/cvo.hamburg.de\/index.php?rest_route=\/wp\/v2\/types\/page"}],"author":[{"embeddable":true,"href":"https:\/\/cvo.hamburg.de\/index.php?rest_route=\/wp\/v2\/users\/728"}],"replies":[{"embeddable":true,"href":"https:\/\/cvo.hamburg.de\/index.php?rest_route=%2Fwp%2Fv2%2Fcomments&post=7537"}],"version-history":[{"count":1,"href":"https:\/\/cvo.hamburg.de\/index.php?rest_route=\/wp\/v2\/pages\/7537\/revisions"}],"predecessor-version":[{"id":7538,"href":"https:\/\/cvo.hamburg.de\/index.php?rest_route=\/wp\/v2\/pages\/7537\/revisions\/7538"}],"wp:attachment":[{"href":"https:\/\/cvo.hamburg.de\/index.php?rest_route=%2Fwp%2Fv2%2Fmedia&parent=7537"}],"curies":[{"name":"wp","href":"https:\/\/api.w.org\/{rel}","templated":true}]}}