{"id":7527,"date":"2022-11-18T12:58:25","date_gmt":"2022-11-18T11:58:25","guid":{"rendered":"https:\/\/cvo.hamburg.de\/?page_id=7527"},"modified":"2022-11-18T12:58:25","modified_gmt":"2022-11-18T11:58:25","slug":"klassenreisen","status":"publish","type":"page","link":"https:\/\/cvo.hamburg.de\/?page_id=7527","title":{"rendered":"Klassenreisen"},"content":{"rendered":"<p style=\"font-weight: 400\">Klassenreisen sind f\u00fcr den Zusammenhalt einer Klasse sehr wichtig und machen viel Spa\u00df. Hier am CvO finden f\u00fcr alle SuS folgende verpflichtende Klassenreisen statt (in Klammern finden Sie \/ findet Ihr die jeweiligen Kosten)<\/p>\n<p style=\"font-weight: 400\"><u>Klasse 5<\/u>: Puan-Klent\/Sylt (ca. 240 \u20ac),<\/p>\n<p style=\"font-weight: 400\"><u>Klasse 8<\/u>: Sportreise (280 \u20ac )<\/p>\n<p style=\"font-weight: 400\"><u>Klasse 10<\/u>: Skireise (350 \u20ac). Die Teilnahme an dieser Reise ist freiwillig. SuS, die nicht mitfahren, m\u00fcssen f\u00fcr diese Zeit einen Praktikumsplatz nachweisen.<\/p>\n<p style=\"font-weight: 400\">Dazu kommen, wenn gew\u00fcnscht, Austauschreisen nach England (320 \u20ac) und Frankreich (375 \u20ac), eine Reise nach Neapel oder Rom (500 \u20ac) f\u00fcr Lateinsch\u00fcler und ein Austausch nach Spanien (ca. 350 \u20ac).<\/p>\n<p style=\"font-weight: 400\">In der Studienstufe findet eine verpflichtende Profilreise statt, in der fachliche Schwerpunkte des Profils im Vordergrund stehen.<\/p>\n","protected":false},"excerpt":{"rendered":"<p>Klassenreisen sind f\u00fcr den Zusammenhalt einer Klasse sehr wichtig und machen viel Spa\u00df. Hier am CvO finden f\u00fcr alle SuS folgende verpflichtende Klassenreisen statt (in Klammern finden Sie \/ findet Ihr die jeweiligen Kosten)&#46;&#46;&#46;<\/p>\n","protected":false},"author":728,"featured_media":0,"parent":0,"menu_order":0,"comment_status":"closed","ping_status":"closed","template":"","meta":{"_acf_changed":false,"footnotes":""},"class_list":["post-7527","page","type-page","status-publish","hentry"],"acf":[],"_links":{"self":[{"href":"https:\/\/cvo.hamburg.de\/index.php?rest_route=\/wp\/v2\/pages\/7527","targetHints":{"allow":["GET"]}}],"collection":[{"href":"https:\/\/cvo.hamburg.de\/index.php?rest_route=\/wp\/v2\/pages"}],"about":[{"href":"https:\/\/cvo.hamburg.de\/index.php?rest_route=\/wp\/v2\/types\/page"}],"author":[{"embeddable":true,"href":"https:\/\/cvo.hamburg.de\/index.php?rest_route=\/wp\/v2\/users\/728"}],"replies":[{"embeddable":true,"href":"https:\/\/cvo.hamburg.de\/index.php?rest_route=%2Fwp%2Fv2%2Fcomments&post=7527"}],"version-history":[{"count":1,"href":"https:\/\/cvo.hamburg.de\/index.php?rest_route=\/wp\/v2\/pages\/7527\/revisions"}],"predecessor-version":[{"id":7528,"href":"https:\/\/cvo.hamburg.de\/index.php?rest_route=\/wp\/v2\/pages\/7527\/revisions\/7528"}],"wp:attachment":[{"href":"https:\/\/cvo.hamburg.de\/index.php?rest_route=%2Fwp%2Fv2%2Fmedia&parent=7527"}],"curies":[{"name":"wp","href":"https:\/\/api.w.org\/{rel}","templated":true}]}}