{"id":7524,"date":"2022-11-18T12:56:18","date_gmt":"2022-11-18T11:56:18","guid":{"rendered":"https:\/\/cvo.hamburg.de\/?page_id=7524"},"modified":"2022-11-18T12:56:18","modified_gmt":"2022-11-18T11:56:18","slug":"klassenrat","status":"publish","type":"page","link":"https:\/\/cvo.hamburg.de\/?page_id=7524","title":{"rendered":"Klassenrat"},"content":{"rendered":"<p style=\"font-weight: 400\">Jede Klasse hat ca. alle 7 Schultage eine Stunde f\u00fcr den Klassenrat (KR) zur Verf\u00fcgung. Hier k\u00f6nnen Pl\u00e4ne geschmiedet und Probleme innerhalb der Klasse besprochen werden.<\/p>\n","protected":false},"excerpt":{"rendered":"<p>Jede Klasse hat ca. alle 7 Schultage eine Stunde f\u00fcr den Klassenrat (KR) zur Verf\u00fcgung. Hier k\u00f6nnen Pl\u00e4ne geschmiedet und Probleme innerhalb der Klasse besprochen werden.<\/p>\n","protected":false},"author":728,"featured_media":0,"parent":0,"menu_order":0,"comment_status":"closed","ping_status":"closed","template":"","meta":{"_acf_changed":false,"footnotes":""},"class_list":["post-7524","page","type-page","status-publish","hentry"],"acf":[],"_links":{"self":[{"href":"https:\/\/cvo.hamburg.de\/index.php?rest_route=\/wp\/v2\/pages\/7524","targetHints":{"allow":["GET"]}}],"collection":[{"href":"https:\/\/cvo.hamburg.de\/index.php?rest_route=\/wp\/v2\/pages"}],"about":[{"href":"https:\/\/cvo.hamburg.de\/index.php?rest_route=\/wp\/v2\/types\/page"}],"author":[{"embeddable":true,"href":"https:\/\/cvo.hamburg.de\/index.php?rest_route=\/wp\/v2\/users\/728"}],"replies":[{"embeddable":true,"href":"https:\/\/cvo.hamburg.de\/index.php?rest_route=%2Fwp%2Fv2%2Fcomments&post=7524"}],"version-history":[{"count":1,"href":"https:\/\/cvo.hamburg.de\/index.php?rest_route=\/wp\/v2\/pages\/7524\/revisions"}],"predecessor-version":[{"id":7525,"href":"https:\/\/cvo.hamburg.de\/index.php?rest_route=\/wp\/v2\/pages\/7524\/revisions\/7525"}],"wp:attachment":[{"href":"https:\/\/cvo.hamburg.de\/index.php?rest_route=%2Fwp%2Fv2%2Fmedia&parent=7524"}],"curies":[{"name":"wp","href":"https:\/\/api.w.org\/{rel}","templated":true}]}}