{"id":7480,"date":"2022-11-16T11:42:13","date_gmt":"2022-11-16T10:42:13","guid":{"rendered":"https:\/\/cvo.hamburg.de\/?page_id=7480"},"modified":"2022-11-25T10:49:09","modified_gmt":"2022-11-25T09:49:09","slug":"jugend-trainiert-fuer-olympia","status":"publish","type":"page","link":"https:\/\/cvo.hamburg.de\/?page_id=7480","title":{"rendered":"Jugend trainiert f\u00fcr Olympia"},"content":{"rendered":"<p style=\"font-weight: 400\">In den vergangenen Jahren haben unsere SuS im Hockey, Handball und Tischtennis mehrfach am Bundesfinale \u201eJugend trainiert f\u00fcr Olympia\u201c in Berlin teilgenommen. Auf Landesebene nimmt das CvO regelm\u00e4\u00dfig in den Sportarten Hockey, Handball, Tischtennis, Leichtathletik und Fu\u00dfball teil.<\/p>\n<p>\u21d2 Informationen zu unseren Sportwettbewerben finden Sie <a href=\"https:\/\/cvo.hamburg.de\/?cat=45\">hier<\/a><\/p>\n","protected":false},"excerpt":{"rendered":"<p>In den vergangenen Jahren haben unsere SuS im Hockey, Handball und Tischtennis mehrfach am Bundesfinale \u201eJugend trainiert f\u00fcr Olympia\u201c in Berlin teilgenommen. Auf Landesebene nimmt das CvO regelm\u00e4\u00dfig in den Sportarten Hockey, Handball, Tischtennis,&#46;&#46;&#46;<\/p>\n","protected":false},"author":728,"featured_media":0,"parent":0,"menu_order":0,"comment_status":"closed","ping_status":"closed","template":"","meta":{"_acf_changed":false,"footnotes":""},"class_list":["post-7480","page","type-page","status-publish","hentry"],"acf":[],"_links":{"self":[{"href":"https:\/\/cvo.hamburg.de\/index.php?rest_route=\/wp\/v2\/pages\/7480","targetHints":{"allow":["GET"]}}],"collection":[{"href":"https:\/\/cvo.hamburg.de\/index.php?rest_route=\/wp\/v2\/pages"}],"about":[{"href":"https:\/\/cvo.hamburg.de\/index.php?rest_route=\/wp\/v2\/types\/page"}],"author":[{"embeddable":true,"href":"https:\/\/cvo.hamburg.de\/index.php?rest_route=\/wp\/v2\/users\/728"}],"replies":[{"embeddable":true,"href":"https:\/\/cvo.hamburg.de\/index.php?rest_route=%2Fwp%2Fv2%2Fcomments&post=7480"}],"version-history":[{"count":2,"href":"https:\/\/cvo.hamburg.de\/index.php?rest_route=\/wp\/v2\/pages\/7480\/revisions"}],"predecessor-version":[{"id":7824,"href":"https:\/\/cvo.hamburg.de\/index.php?rest_route=\/wp\/v2\/pages\/7480\/revisions\/7824"}],"wp:attachment":[{"href":"https:\/\/cvo.hamburg.de\/index.php?rest_route=%2Fwp%2Fv2%2Fmedia&parent=7480"}],"curies":[{"name":"wp","href":"https:\/\/api.w.org\/{rel}","templated":true}]}}