{"id":7477,"date":"2022-11-16T11:41:23","date_gmt":"2022-11-16T10:41:23","guid":{"rendered":"https:\/\/cvo.hamburg.de\/?page_id=7477"},"modified":"2022-11-16T11:41:23","modified_gmt":"2022-11-16T10:41:23","slug":"jugend-forscht","status":"publish","type":"page","link":"https:\/\/cvo.hamburg.de\/?page_id=7477","title":{"rendered":"Jugend forscht"},"content":{"rendered":"<p style=\"font-weight: 400\">F\u00fcr die Klassen 5 und 6 wird i.&nbsp;d.&nbsp;R. die AG \u201eNaturwissenschaftliches Experimentieren\u201c angeboten. Hier besch\u00e4ftigt man sich u.&nbsp;a. mit den Aufgaben aus dem Wettbewerb \u201eNATEX\u201c. Der Wettbewerb \u201eJugend forscht\u201c enth\u00e4lt auch Aufgaben f\u00fcr die h\u00f6heren Klassen, die dann im Unterricht oder zu Hause bearbeitet werden.<\/p>\n","protected":false},"excerpt":{"rendered":"<p>F\u00fcr die Klassen 5 und 6 wird i.&nbsp;d.&nbsp;R. die AG \u201eNaturwissenschaftliches Experimentieren\u201c angeboten. Hier besch\u00e4ftigt man sich u.&nbsp;a. mit den Aufgaben aus dem Wettbewerb \u201eNATEX\u201c. Der Wettbewerb \u201eJugend forscht\u201c enth\u00e4lt auch Aufgaben f\u00fcr die&#46;&#46;&#46;<\/p>\n","protected":false},"author":728,"featured_media":0,"parent":0,"menu_order":0,"comment_status":"closed","ping_status":"closed","template":"","meta":{"_acf_changed":false,"footnotes":""},"class_list":["post-7477","page","type-page","status-publish","hentry"],"acf":[],"_links":{"self":[{"href":"https:\/\/cvo.hamburg.de\/index.php?rest_route=\/wp\/v2\/pages\/7477","targetHints":{"allow":["GET"]}}],"collection":[{"href":"https:\/\/cvo.hamburg.de\/index.php?rest_route=\/wp\/v2\/pages"}],"about":[{"href":"https:\/\/cvo.hamburg.de\/index.php?rest_route=\/wp\/v2\/types\/page"}],"author":[{"embeddable":true,"href":"https:\/\/cvo.hamburg.de\/index.php?rest_route=\/wp\/v2\/users\/728"}],"replies":[{"embeddable":true,"href":"https:\/\/cvo.hamburg.de\/index.php?rest_route=%2Fwp%2Fv2%2Fcomments&post=7477"}],"version-history":[{"count":1,"href":"https:\/\/cvo.hamburg.de\/index.php?rest_route=\/wp\/v2\/pages\/7477\/revisions"}],"predecessor-version":[{"id":7478,"href":"https:\/\/cvo.hamburg.de\/index.php?rest_route=\/wp\/v2\/pages\/7477\/revisions\/7478"}],"wp:attachment":[{"href":"https:\/\/cvo.hamburg.de\/index.php?rest_route=%2Fwp%2Fv2%2Fmedia&parent=7477"}],"curies":[{"name":"wp","href":"https:\/\/api.w.org\/{rel}","templated":true}]}}