{"id":7467,"date":"2022-11-16T11:36:56","date_gmt":"2022-11-16T10:36:56","guid":{"rendered":"https:\/\/cvo.hamburg.de\/?page_id=7467"},"modified":"2022-11-16T11:36:56","modified_gmt":"2022-11-16T10:36:56","slug":"internet","status":"publish","type":"page","link":"https:\/\/cvo.hamburg.de\/?page_id=7467","title":{"rendered":"Internet"},"content":{"rendered":"<p style=\"font-weight: 400\">Das Arbeiten mit dem Computer ist heute eine Selbstverst\u00e4ndlichkeit. Damit unsere SuS hier eine fundierte Medienkompetenz aufbauen k\u00f6nnen, stehen ihnen f\u00fcr Unterrichtszwecke im F-Geb\u00e4ude Computer-R\u00e4ume mit vernetzten Multimedia-PCs zur Verf\u00fcgung. Zus\u00e4tzlich sind die Differenzierungsr\u00e4ume mit vernetzten PCs ausgestattet. Mit allen Rechnern hat man Zugriff auf den Schulserver und dar\u00fcber auch auf das Internet. Seit 2020 hat die Schule ein eigenes WLAN, das von allen SuS im Unterricht und ab Jahrgang 8 in den Pausen\/Freistunden genutzt werden kann.<\/p>\n","protected":false},"excerpt":{"rendered":"<p>Das Arbeiten mit dem Computer ist heute eine Selbstverst\u00e4ndlichkeit. Damit unsere SuS hier eine fundierte Medienkompetenz aufbauen k\u00f6nnen, stehen ihnen f\u00fcr Unterrichtszwecke im F-Geb\u00e4ude Computer-R\u00e4ume mit vernetzten Multimedia-PCs zur Verf\u00fcgung. Zus\u00e4tzlich sind die Differenzierungsr\u00e4ume&#46;&#46;&#46;<\/p>\n","protected":false},"author":728,"featured_media":0,"parent":0,"menu_order":0,"comment_status":"closed","ping_status":"closed","template":"","meta":{"_acf_changed":false,"footnotes":""},"class_list":["post-7467","page","type-page","status-publish","hentry"],"acf":[],"_links":{"self":[{"href":"https:\/\/cvo.hamburg.de\/index.php?rest_route=\/wp\/v2\/pages\/7467","targetHints":{"allow":["GET"]}}],"collection":[{"href":"https:\/\/cvo.hamburg.de\/index.php?rest_route=\/wp\/v2\/pages"}],"about":[{"href":"https:\/\/cvo.hamburg.de\/index.php?rest_route=\/wp\/v2\/types\/page"}],"author":[{"embeddable":true,"href":"https:\/\/cvo.hamburg.de\/index.php?rest_route=\/wp\/v2\/users\/728"}],"replies":[{"embeddable":true,"href":"https:\/\/cvo.hamburg.de\/index.php?rest_route=%2Fwp%2Fv2%2Fcomments&post=7467"}],"version-history":[{"count":1,"href":"https:\/\/cvo.hamburg.de\/index.php?rest_route=\/wp\/v2\/pages\/7467\/revisions"}],"predecessor-version":[{"id":7468,"href":"https:\/\/cvo.hamburg.de\/index.php?rest_route=\/wp\/v2\/pages\/7467\/revisions\/7468"}],"wp:attachment":[{"href":"https:\/\/cvo.hamburg.de\/index.php?rest_route=%2Fwp%2Fv2%2Fmedia&parent=7467"}],"curies":[{"name":"wp","href":"https:\/\/api.w.org\/{rel}","templated":true}]}}