{"id":7465,"date":"2022-11-16T11:34:41","date_gmt":"2022-11-16T10:34:41","guid":{"rendered":"https:\/\/cvo.hamburg.de\/?page_id=7465"},"modified":"2022-11-25T10:41:38","modified_gmt":"2022-11-25T09:41:38","slug":"innenhof","status":"publish","type":"page","link":"https:\/\/cvo.hamburg.de\/?page_id=7465","title":{"rendered":"Innenhof"},"content":{"rendered":"<p style=\"font-weight: 400\">Zwischen dem A-Geb\u00e4ude und dem B-Geb\u00e4ude wurde im Schuljahr 2008\/2009 durch die Initiative der SuS ein Freiluft-Ruheraum f\u00fcr stilles Arbeiten und Entspannen geschaffen. SuS ab Jahrgang 8 k\u00f6nnen hier auch ihre Mittagspause verbringen. Hier befindet sich auch das Gew\u00e4chshaus, in dem die SuS aus dem<a href=\"https:\/\/cvo.hamburg.de\/?page_id=2651\"> WP-Kurs<\/a> G\u00e4rtnern regelm\u00e4\u00dfig arbeiten.<\/p>\n<p><img loading=\"lazy\" decoding=\"async\" class=\"alignleft wp-image-2793 size-large\" src=\"https:\/\/cvo.hamburg.de\/wp-content\/uploads\/sites\/31\/2017\/06\/Gebaeudeplan-cvo_end-724x1024.jpg\" alt=\"\" width=\"724\" height=\"1024\" srcset=\"https:\/\/cvo.hamburg.de\/wp-content\/uploads\/sites\/31\/2017\/06\/Gebaeudeplan-cvo_end-724x1024.jpg 724w, https:\/\/cvo.hamburg.de\/wp-content\/uploads\/sites\/31\/2017\/06\/Gebaeudeplan-cvo_end-212x300.jpg 212w, https:\/\/cvo.hamburg.de\/wp-content\/uploads\/sites\/31\/2017\/06\/Gebaeudeplan-cvo_end-768x1086.jpg 768w, https:\/\/cvo.hamburg.de\/wp-content\/uploads\/sites\/31\/2017\/06\/Gebaeudeplan-cvo_end.jpg 1448w\" sizes=\"auto, (max-width: 724px) 100vw, 724px\" \/><\/p>\n","protected":false},"excerpt":{"rendered":"<p>Zwischen dem A-Geb\u00e4ude und dem B-Geb\u00e4ude wurde im Schuljahr 2008\/2009 durch die Initiative der SuS ein Freiluft-Ruheraum f\u00fcr stilles Arbeiten und Entspannen geschaffen. SuS ab Jahrgang 8 k\u00f6nnen hier auch ihre Mittagspause verbringen. Hier&#46;&#46;&#46;<\/p>\n","protected":false},"author":728,"featured_media":0,"parent":0,"menu_order":0,"comment_status":"closed","ping_status":"closed","template":"","meta":{"_acf_changed":false,"footnotes":""},"class_list":["post-7465","page","type-page","status-publish","hentry"],"acf":[],"_links":{"self":[{"href":"https:\/\/cvo.hamburg.de\/index.php?rest_route=\/wp\/v2\/pages\/7465","targetHints":{"allow":["GET"]}}],"collection":[{"href":"https:\/\/cvo.hamburg.de\/index.php?rest_route=\/wp\/v2\/pages"}],"about":[{"href":"https:\/\/cvo.hamburg.de\/index.php?rest_route=\/wp\/v2\/types\/page"}],"author":[{"embeddable":true,"href":"https:\/\/cvo.hamburg.de\/index.php?rest_route=\/wp\/v2\/users\/728"}],"replies":[{"embeddable":true,"href":"https:\/\/cvo.hamburg.de\/index.php?rest_route=%2Fwp%2Fv2%2Fcomments&post=7465"}],"version-history":[{"count":3,"href":"https:\/\/cvo.hamburg.de\/index.php?rest_route=\/wp\/v2\/pages\/7465\/revisions"}],"predecessor-version":[{"id":7822,"href":"https:\/\/cvo.hamburg.de\/index.php?rest_route=\/wp\/v2\/pages\/7465\/revisions\/7822"}],"wp:attachment":[{"href":"https:\/\/cvo.hamburg.de\/index.php?rest_route=%2Fwp%2Fv2%2Fmedia&parent=7465"}],"curies":[{"name":"wp","href":"https:\/\/api.w.org\/{rel}","templated":true}]}}