{"id":7462,"date":"2022-11-16T11:33:24","date_gmt":"2022-11-16T10:33:24","guid":{"rendered":"https:\/\/cvo.hamburg.de\/?page_id=7462"},"modified":"2022-11-16T11:33:24","modified_gmt":"2022-11-16T10:33:24","slug":"homepage","status":"publish","type":"page","link":"https:\/\/cvo.hamburg.de\/?page_id=7462","title":{"rendered":"Homepage"},"content":{"rendered":"<p style=\"font-weight: 400\">Auf unserer Homepage stehen neben allgemeinen Informationen \u00fcber das CvO u.a. Berichte \u00fcber aktuelle Ereignisse und Termine, der Vertretungsplan, der Zugang zu unserem Caterer \u201aCatering Lemke\u2018, die schulischen Gremien und ihre Zusammensetzung und vieles mehr. Au\u00dferdem gibt es einen Download-Bereich, in dem z.&nbsp;B. die Informationsbrosch\u00fcren der verschiedenen Stufen zur Verf\u00fcgung stehen.<\/p>\n","protected":false},"excerpt":{"rendered":"<p>Auf unserer Homepage stehen neben allgemeinen Informationen \u00fcber das CvO u.a. Berichte \u00fcber aktuelle Ereignisse und Termine, der Vertretungsplan, der Zugang zu unserem Caterer \u201aCatering Lemke\u2018, die schulischen Gremien und ihre Zusammensetzung und vieles&#46;&#46;&#46;<\/p>\n","protected":false},"author":728,"featured_media":0,"parent":0,"menu_order":0,"comment_status":"closed","ping_status":"closed","template":"","meta":{"_acf_changed":false,"footnotes":""},"class_list":["post-7462","page","type-page","status-publish","hentry"],"acf":[],"_links":{"self":[{"href":"https:\/\/cvo.hamburg.de\/index.php?rest_route=\/wp\/v2\/pages\/7462","targetHints":{"allow":["GET"]}}],"collection":[{"href":"https:\/\/cvo.hamburg.de\/index.php?rest_route=\/wp\/v2\/pages"}],"about":[{"href":"https:\/\/cvo.hamburg.de\/index.php?rest_route=\/wp\/v2\/types\/page"}],"author":[{"embeddable":true,"href":"https:\/\/cvo.hamburg.de\/index.php?rest_route=\/wp\/v2\/users\/728"}],"replies":[{"embeddable":true,"href":"https:\/\/cvo.hamburg.de\/index.php?rest_route=%2Fwp%2Fv2%2Fcomments&post=7462"}],"version-history":[{"count":1,"href":"https:\/\/cvo.hamburg.de\/index.php?rest_route=\/wp\/v2\/pages\/7462\/revisions"}],"predecessor-version":[{"id":7463,"href":"https:\/\/cvo.hamburg.de\/index.php?rest_route=\/wp\/v2\/pages\/7462\/revisions\/7463"}],"wp:attachment":[{"href":"https:\/\/cvo.hamburg.de\/index.php?rest_route=%2Fwp%2Fv2%2Fmedia&parent=7462"}],"curies":[{"name":"wp","href":"https:\/\/api.w.org\/{rel}","templated":true}]}}