{"id":7451,"date":"2022-11-16T11:28:33","date_gmt":"2022-11-16T10:28:33","guid":{"rendered":"https:\/\/cvo.hamburg.de\/?page_id=7451"},"modified":"2022-11-16T11:28:51","modified_gmt":"2022-11-16T10:28:51","slug":"7451-2","status":"publish","type":"page","link":"https:\/\/cvo.hamburg.de\/?page_id=7451","title":{"rendered":"Hausaufgabenhilfe"},"content":{"rendered":"<p style=\"font-weight: 400\">SuS, die in der Betreuung angemeldet sind, k\u00f6nnen mit Unterst\u00fctzung von \u00e4lteren SuS ihre Hausaufgaben erledigen. Weitere Unterst\u00fctzungsm\u00f6glichkeiten finden sich bei den additiven Trainingskursen.&nbsp;<\/p>\n","protected":false},"excerpt":{"rendered":"<p>SuS, die in der Betreuung angemeldet sind, k\u00f6nnen mit Unterst\u00fctzung von \u00e4lteren SuS ihre Hausaufgaben erledigen. Weitere Unterst\u00fctzungsm\u00f6glichkeiten finden sich bei den additiven Trainingskursen.&nbsp;<\/p>\n","protected":false},"author":728,"featured_media":0,"parent":0,"menu_order":0,"comment_status":"closed","ping_status":"closed","template":"","meta":{"_acf_changed":false,"footnotes":""},"class_list":["post-7451","page","type-page","status-publish","hentry"],"acf":[],"_links":{"self":[{"href":"https:\/\/cvo.hamburg.de\/index.php?rest_route=\/wp\/v2\/pages\/7451","targetHints":{"allow":["GET"]}}],"collection":[{"href":"https:\/\/cvo.hamburg.de\/index.php?rest_route=\/wp\/v2\/pages"}],"about":[{"href":"https:\/\/cvo.hamburg.de\/index.php?rest_route=\/wp\/v2\/types\/page"}],"author":[{"embeddable":true,"href":"https:\/\/cvo.hamburg.de\/index.php?rest_route=\/wp\/v2\/users\/728"}],"replies":[{"embeddable":true,"href":"https:\/\/cvo.hamburg.de\/index.php?rest_route=%2Fwp%2Fv2%2Fcomments&post=7451"}],"version-history":[{"count":2,"href":"https:\/\/cvo.hamburg.de\/index.php?rest_route=\/wp\/v2\/pages\/7451\/revisions"}],"predecessor-version":[{"id":7453,"href":"https:\/\/cvo.hamburg.de\/index.php?rest_route=\/wp\/v2\/pages\/7451\/revisions\/7453"}],"wp:attachment":[{"href":"https:\/\/cvo.hamburg.de\/index.php?rest_route=%2Fwp%2Fv2%2Fmedia&parent=7451"}],"curies":[{"name":"wp","href":"https:\/\/api.w.org\/{rel}","templated":true}]}}