{"id":7444,"date":"2022-11-16T11:20:15","date_gmt":"2022-11-16T10:20:15","guid":{"rendered":"https:\/\/cvo.hamburg.de\/?page_id=7444"},"modified":"2024-11-14T09:35:39","modified_gmt":"2024-11-14T08:35:39","slug":"gelbes-heft","status":"publish","type":"page","link":"https:\/\/cvo.hamburg.de\/?page_id=7444","title":{"rendered":"Gelbes Heft"},"content":{"rendered":"<p style=\"font-weight: 400\">Alle SuS der 5. bis 12. Klassen arbeiten am CvO mit dem \u201eGelben Heft\u201c, welches zur Zeit f\u00fcr 5 \u20ac zum Schuljahresbeginn erworben wird. Dieses Heft enth\u00e4lt u.a. eine Termin\u00fcbersicht f\u00fcr die Klassenarbeiten, eine Tabelle zum Eintragen der m\u00fcndlichen und schriftlichen Noten und, wie in einem Hausaufgabenheft, f\u00fcr jeden Tag Platz zum Vermerken der Hausaufgaben. Auf jeder Doppelseite, die jeweils eine Woche darstellt, ist Platz f\u00fcr Mitteilungen von den LuL an die Eltern und umgekehrt. Auch die Entschuldigungen f\u00fcr Fehlzeiten sollen hier eingetragen werden. Wichtig ist, dass die Eltern bzw. LuL durch ihre Unterschrift unter einer Mitteilung zeigen, dass sie diese erhalten haben.<\/p>\n","protected":false},"excerpt":{"rendered":"<p>Alle SuS der 5. bis 12. Klassen arbeiten am CvO mit dem \u201eGelben Heft\u201c, welches zur Zeit f\u00fcr 5 \u20ac zum Schuljahresbeginn erworben wird. Dieses Heft enth\u00e4lt u.a. eine Termin\u00fcbersicht f\u00fcr die Klassenarbeiten, eine&#46;&#46;&#46;<\/p>\n","protected":false},"author":728,"featured_media":0,"parent":0,"menu_order":0,"comment_status":"closed","ping_status":"closed","template":"","meta":{"_acf_changed":false,"footnotes":""},"class_list":["post-7444","page","type-page","status-publish","hentry"],"acf":[],"_links":{"self":[{"href":"https:\/\/cvo.hamburg.de\/index.php?rest_route=\/wp\/v2\/pages\/7444","targetHints":{"allow":["GET"]}}],"collection":[{"href":"https:\/\/cvo.hamburg.de\/index.php?rest_route=\/wp\/v2\/pages"}],"about":[{"href":"https:\/\/cvo.hamburg.de\/index.php?rest_route=\/wp\/v2\/types\/page"}],"author":[{"embeddable":true,"href":"https:\/\/cvo.hamburg.de\/index.php?rest_route=\/wp\/v2\/users\/728"}],"replies":[{"embeddable":true,"href":"https:\/\/cvo.hamburg.de\/index.php?rest_route=%2Fwp%2Fv2%2Fcomments&post=7444"}],"version-history":[{"count":2,"href":"https:\/\/cvo.hamburg.de\/index.php?rest_route=\/wp\/v2\/pages\/7444\/revisions"}],"predecessor-version":[{"id":9747,"href":"https:\/\/cvo.hamburg.de\/index.php?rest_route=\/wp\/v2\/pages\/7444\/revisions\/9747"}],"wp:attachment":[{"href":"https:\/\/cvo.hamburg.de\/index.php?rest_route=%2Fwp%2Fv2%2Fmedia&parent=7444"}],"curies":[{"name":"wp","href":"https:\/\/api.w.org\/{rel}","templated":true}]}}