{"id":7434,"date":"2022-11-16T10:57:02","date_gmt":"2022-11-16T09:57:02","guid":{"rendered":"https:\/\/cvo.hamburg.de\/?page_id=7434"},"modified":"2022-11-16T10:57:02","modified_gmt":"2022-11-16T09:57:02","slug":"fruehstueck","status":"publish","type":"page","link":"https:\/\/cvo.hamburg.de\/?page_id=7434","title":{"rendered":"Fr\u00fchst\u00fcck"},"content":{"rendered":"<p style=\"font-weight: 400\">Ab der 1. Pause findet in der Mensa ein Fr\u00fchst\u00fccksverkauf statt. Angeboten werden unter anderem Backwaren, belegte Br\u00f6tchen, Wraps sowie ein vielf\u00e4ltiges M\u00fcsliangebot. Ein Verkauf von S\u00fc\u00dfigkeiten findet nicht statt.<\/p>\n<p style=\"font-weight: 400\">Die Ausgabe des Fr\u00fchst\u00fccks erfolgt, wie beim Mittagessen auch, im Free-Flow-System. Die SuS k\u00f6nnen so frei w\u00e4hlen, was sie Essen m\u00f6chten. Das Fr\u00fchst\u00fcck wird hier bar bezahlt.<\/p>\n","protected":false},"excerpt":{"rendered":"<p>Ab der 1. Pause findet in der Mensa ein Fr\u00fchst\u00fccksverkauf statt. Angeboten werden unter anderem Backwaren, belegte Br\u00f6tchen, Wraps sowie ein vielf\u00e4ltiges M\u00fcsliangebot. Ein Verkauf von S\u00fc\u00dfigkeiten findet nicht statt. Die Ausgabe des Fr\u00fchst\u00fccks&#46;&#46;&#46;<\/p>\n","protected":false},"author":728,"featured_media":0,"parent":0,"menu_order":0,"comment_status":"closed","ping_status":"closed","template":"","meta":{"_acf_changed":false,"footnotes":""},"class_list":["post-7434","page","type-page","status-publish","hentry"],"acf":[],"_links":{"self":[{"href":"https:\/\/cvo.hamburg.de\/index.php?rest_route=\/wp\/v2\/pages\/7434","targetHints":{"allow":["GET"]}}],"collection":[{"href":"https:\/\/cvo.hamburg.de\/index.php?rest_route=\/wp\/v2\/pages"}],"about":[{"href":"https:\/\/cvo.hamburg.de\/index.php?rest_route=\/wp\/v2\/types\/page"}],"author":[{"embeddable":true,"href":"https:\/\/cvo.hamburg.de\/index.php?rest_route=\/wp\/v2\/users\/728"}],"replies":[{"embeddable":true,"href":"https:\/\/cvo.hamburg.de\/index.php?rest_route=%2Fwp%2Fv2%2Fcomments&post=7434"}],"version-history":[{"count":1,"href":"https:\/\/cvo.hamburg.de\/index.php?rest_route=\/wp\/v2\/pages\/7434\/revisions"}],"predecessor-version":[{"id":7435,"href":"https:\/\/cvo.hamburg.de\/index.php?rest_route=\/wp\/v2\/pages\/7434\/revisions\/7435"}],"wp:attachment":[{"href":"https:\/\/cvo.hamburg.de\/index.php?rest_route=%2Fwp%2Fv2%2Fmedia&parent=7434"}],"curies":[{"name":"wp","href":"https:\/\/api.w.org\/{rel}","templated":true}]}}