{"id":7431,"date":"2022-11-16T10:56:07","date_gmt":"2022-11-16T09:56:07","guid":{"rendered":"https:\/\/cvo.hamburg.de\/?page_id=7431"},"modified":"2022-11-25T10:19:54","modified_gmt":"2022-11-25T09:19:54","slug":"fremdsprachen","status":"publish","type":"page","link":"https:\/\/cvo.hamburg.de\/?page_id=7431","title":{"rendered":"Fremdsprachen"},"content":{"rendered":"<p style=\"font-weight: 400\">Unsere SuS starten alle in der 5. Klasse mit Englisch. In der sechsten Klasse wird die zweite Fremdsprache aufgenommen. Zur Auswahl stehen Franz\u00f6sisch, Latein und Spanisch.<\/p>\n<p style=\"font-weight: 400\">In Klasse 8 besteht, sofern gen\u00fcgend SuS von dem Angebot Gebrauch machen, die M\u00f6glichkeit, Spanisch oder Franz\u00f6sisch als dritte Fremdsprache zu w\u00e4hlen. Diese wird mit 3 Unterrichtsstunden pro Woche angeboten. Sie muss \u2013 wie auch die 2. Fremdsprache \u2013 bis zum Ende der 10. Klasse beibehalten werden.<\/p>\n<p>\u21d2 Informationen zur Wahl der 2. Fremdsprache finden Sie <a href=\"https:\/\/cvo.hamburg.de\/?page_id=235\">hier<\/a><\/p>\n<p>\u21d2 Informationen zur Wahl der 3. Fremdsprache finden Sie <a href=\"https:\/\/cvo.hamburg.de\/?page_id=133\">hier<\/a><\/p>\n","protected":false},"excerpt":{"rendered":"<p>Unsere SuS starten alle in der 5. Klasse mit Englisch. In der sechsten Klasse wird die zweite Fremdsprache aufgenommen. Zur Auswahl stehen Franz\u00f6sisch, Latein und Spanisch. In Klasse 8 besteht, sofern gen\u00fcgend SuS von&#46;&#46;&#46;<\/p>\n","protected":false},"author":728,"featured_media":0,"parent":0,"menu_order":0,"comment_status":"closed","ping_status":"closed","template":"","meta":{"_acf_changed":false,"footnotes":""},"class_list":["post-7431","page","type-page","status-publish","hentry"],"acf":[],"_links":{"self":[{"href":"https:\/\/cvo.hamburg.de\/index.php?rest_route=\/wp\/v2\/pages\/7431","targetHints":{"allow":["GET"]}}],"collection":[{"href":"https:\/\/cvo.hamburg.de\/index.php?rest_route=\/wp\/v2\/pages"}],"about":[{"href":"https:\/\/cvo.hamburg.de\/index.php?rest_route=\/wp\/v2\/types\/page"}],"author":[{"embeddable":true,"href":"https:\/\/cvo.hamburg.de\/index.php?rest_route=\/wp\/v2\/users\/728"}],"replies":[{"embeddable":true,"href":"https:\/\/cvo.hamburg.de\/index.php?rest_route=%2Fwp%2Fv2%2Fcomments&post=7431"}],"version-history":[{"count":3,"href":"https:\/\/cvo.hamburg.de\/index.php?rest_route=\/wp\/v2\/pages\/7431\/revisions"}],"predecessor-version":[{"id":7816,"href":"https:\/\/cvo.hamburg.de\/index.php?rest_route=\/wp\/v2\/pages\/7431\/revisions\/7816"}],"wp:attachment":[{"href":"https:\/\/cvo.hamburg.de\/index.php?rest_route=%2Fwp%2Fv2%2Fmedia&parent=7431"}],"curies":[{"name":"wp","href":"https:\/\/api.w.org\/{rel}","templated":true}]}}