{"id":7426,"date":"2022-11-16T10:54:10","date_gmt":"2022-11-16T09:54:10","guid":{"rendered":"https:\/\/cvo.hamburg.de\/?page_id=7426"},"modified":"2025-09-19T10:45:53","modified_gmt":"2025-09-19T08:45:53","slug":"forscherkurse-2","status":"publish","type":"page","link":"https:\/\/cvo.hamburg.de\/?page_id=7426","title":{"rendered":"Forscherkurse"},"content":{"rendered":"<p style=\"font-weight: 400\">Die Fortsetzung der Arbeitsweise aus der Trainings- und Forscherzeit (\u2192 TuF) (in Jg. 5 und 6), findet in den Forscherkursen (in Jg. 7) statt. Die SuS w\u00e4hlen aus einem weit gef\u00e4cherten Angebot einen Forscherkurs f\u00fcr jeweils ein halbes Jahr. Es finden sich hier spannende Angebote aus dem Bereich der Fremdsprachen, der Naturwissenschaften und der Gesellschaftswissenschaften: \u201eSave the rainforest \u2013 rettet den Regenwald\u201c, \u201eMenschenrechte und Diversit\u00e4t&#8220;, \u201eAstronomie\u201c und \u201eRobotic\u201c. F\u00fcr das Fach Geographie bieten wir auch einen bilingualen Forscherkurs an. Die Forscherkurse sind seit 2016 fester Bestandteil unserer Stundentafel.&nbsp;<\/p>\n<p>\u21d2 Weitere Informationen finden Sie <a href=\"https:\/\/cvo.hamburg.de\/?page_id=137\">hier<\/a><\/p>\n","protected":false},"excerpt":{"rendered":"<p>Die Fortsetzung der Arbeitsweise aus der Trainings- und Forscherzeit (\u2192 TuF) (in Jg. 5 und 6), findet in den Forscherkursen (in Jg. 7) statt. Die SuS w\u00e4hlen aus einem weit gef\u00e4cherten Angebot einen Forscherkurs&#46;&#46;&#46;<\/p>\n","protected":false},"author":728,"featured_media":0,"parent":0,"menu_order":0,"comment_status":"closed","ping_status":"closed","template":"","meta":{"_acf_changed":false,"footnotes":""},"class_list":["post-7426","page","type-page","status-publish","hentry"],"acf":[],"_links":{"self":[{"href":"https:\/\/cvo.hamburg.de\/index.php?rest_route=\/wp\/v2\/pages\/7426","targetHints":{"allow":["GET"]}}],"collection":[{"href":"https:\/\/cvo.hamburg.de\/index.php?rest_route=\/wp\/v2\/pages"}],"about":[{"href":"https:\/\/cvo.hamburg.de\/index.php?rest_route=\/wp\/v2\/types\/page"}],"author":[{"embeddable":true,"href":"https:\/\/cvo.hamburg.de\/index.php?rest_route=\/wp\/v2\/users\/728"}],"replies":[{"embeddable":true,"href":"https:\/\/cvo.hamburg.de\/index.php?rest_route=%2Fwp%2Fv2%2Fcomments&post=7426"}],"version-history":[{"count":8,"href":"https:\/\/cvo.hamburg.de\/index.php?rest_route=\/wp\/v2\/pages\/7426\/revisions"}],"predecessor-version":[{"id":10497,"href":"https:\/\/cvo.hamburg.de\/index.php?rest_route=\/wp\/v2\/pages\/7426\/revisions\/10497"}],"wp:attachment":[{"href":"https:\/\/cvo.hamburg.de\/index.php?rest_route=%2Fwp%2Fv2%2Fmedia&parent=7426"}],"curies":[{"name":"wp","href":"https:\/\/api.w.org\/{rel}","templated":true}]}}